{"id":1236,"date":"2024-08-29T15:33:52","date_gmt":"2024-08-29T15:33:52","guid":{"rendered":"https:\/\/andreacortes.com\/cursos\/"},"modified":"2025-01-31T14:31:56","modified_gmt":"2025-01-31T14:31:56","slug":"cursos","status":"publish","type":"page","link":"https:\/\/andreacortes.com\/ca\/cursos\/","title":{"rendered":"Cursos"},"content":{"rendered":"\n<h2 class=\"wp-block-heading has-text-align-center has-large-font-size uag-hide-mob\" style=\"padding-right:var(--wp--preset--spacing--80);padding-left:var(--wp--preset--spacing--80)\">Apr\u00e8n a treballar la fusta artesanalment, usant eines manuals i t\u00e8cniques tradicionals.<\/h2>\n\n<h2 class=\"wp-block-heading has-text-align-center has-medium-font-size uag-hide-desktop uag-hide-tab\" style=\"padding-right:0;padding-left:0\">Apr\u00e8n a treballar la fusta artesanalment, usant eines manuals i t\u00e8cniques tradicionals.<\/h2>\n\n<h4 class=\"wp-block-heading has-text-align-center\" style=\"margin-top:var(--wp--preset--spacing--60);margin-bottom:var(--wp--preset--spacing--60);text-decoration:underline\">Cursos presencials disponibles:<\/h4>\n\n<div class=\"wp-block-columns is-layout-flex wp-container-core-columns-is-layout-28f84493 wp-block-columns-is-layout-flex\">\n<div class=\"wp-block-column is-layout-flow wp-block-column-is-layout-flow\" style=\"padding-top:0;padding-right:var(--wp--preset--spacing--60);padding-bottom:0;padding-left:var(--wp--preset--spacing--60);flex-basis:33%\">\n<h3 class=\"wp-block-heading has-text-align-center has-medium-font-size\"><a href=\"https:\/\/andreacortes.com\/ca\/curs-talla-de-culleres\/\">Talla de Culleres (4h)<\/a><\/h3>\n\n\n\n<figure class=\"wp-block-image size-full\"><a href=\"https:\/\/andreacortes.com\/ca\/curs-talla-de-culleres\/\"><img loading=\"lazy\" decoding=\"async\" width=\"1000\" height=\"667\" src=\"https:\/\/andreacortes.com\/wp-content\/uploads\/2023\/07\/tallar-una-cuchara-con-andrea-cortes.jpg\" alt=\"\" class=\"wp-image-784\" style=\"aspect-ratio:1;object-fit:cover\" srcset=\"https:\/\/andreacortes.com\/wp-content\/uploads\/2023\/07\/tallar-una-cuchara-con-andrea-cortes.jpg 1000w, https:\/\/andreacortes.com\/wp-content\/uploads\/2023\/07\/tallar-una-cuchara-con-andrea-cortes-300x200.jpg 300w, https:\/\/andreacortes.com\/wp-content\/uploads\/2023\/07\/tallar-una-cuchara-con-andrea-cortes-768x512.jpg 768w, https:\/\/andreacortes.com\/wp-content\/uploads\/2023\/07\/tallar-una-cuchara-con-andrea-cortes-600x400.jpg 600w\" sizes=\"auto, (max-width: 1000px) 100vw, 1000px\" \/><\/a><\/figure>\n\n\n\n<p>Apr\u00e8n a donar forma a la fusta amb eines manuals i t\u00e8cniques tipus Sloyd. <\/p>\n\n\n\n<p><strong>Duraci\u00f3<\/strong>: 4 hores<\/p>\n\n\n\n<p><strong>Nivell<\/strong>: Principiant<\/p>\n\n\n\n<div class=\"wp-block-buttons is-content-justification-center is-layout-flex wp-container-core-buttons-is-layout-a89b3969 wp-block-buttons-is-layout-flex\">\n<div class=\"wp-block-button\"><a class=\"wp-block-button__link has-text-align-center wp-element-button\" href=\"https:\/\/andreacortes.com\/ca\/curs-talla-de-culleres\/\">+ INFO<\/a><\/div>\n<\/div>\n<\/div>\n\n\n\n<div class=\"wp-block-column is-layout-flow wp-block-column-is-layout-flow\" style=\"padding-top:0;padding-right:var(--wp--preset--spacing--60);padding-bottom:0;padding-left:var(--wp--preset--spacing--60);flex-basis:33%\">\n<h3 class=\"wp-block-heading has-text-align-center has-medium-font-size\"><a href=\"https:\/\/andreacortes.com\/ca\/curs-de-talla-de-culleres-dia-complet\/\" data-type=\"page\" data-id=\"1560\">Talla de Culleres (8h)<\/a><\/h3>\n\n\n\n<figure class=\"wp-block-image size-full\"><a href=\"https:\/\/andreacortes.com\/ca\/curs-de-talla-de-culleres-dia-complet\/\"><img loading=\"lazy\" decoding=\"async\" width=\"737\" height=\"737\" src=\"https:\/\/andreacortes.com\/wp-content\/uploads\/2024\/11\/curso-dia-completo-talla-de-cucharas.jpg\" alt=\"\" class=\"wp-image-1639\" srcset=\"https:\/\/andreacortes.com\/wp-content\/uploads\/2024\/11\/curso-dia-completo-talla-de-cucharas.jpg 737w, https:\/\/andreacortes.com\/wp-content\/uploads\/2024\/11\/curso-dia-completo-talla-de-cucharas-300x300.jpg 300w, https:\/\/andreacortes.com\/wp-content\/uploads\/2024\/11\/curso-dia-completo-talla-de-cucharas-150x150.jpg 150w, https:\/\/andreacortes.com\/wp-content\/uploads\/2024\/11\/curso-dia-completo-talla-de-cucharas-600x600.jpg 600w, https:\/\/andreacortes.com\/wp-content\/uploads\/2024\/11\/curso-dia-completo-talla-de-cucharas-100x100.jpg 100w\" sizes=\"auto, (max-width: 737px) 100vw, 737px\" \/><\/a><\/figure>\n\n\n\n<p>Del tronc a la cullera usant nom\u00e9s eines manuals en un entorn natural.<\/p>\n\n\n\n<p><strong>Durada<\/strong>: 8 hores<\/p>\n\n\n\n<p><strong>Nivell<\/strong>: Principiant<\/p>\n\n\n\n<div class=\"wp-block-buttons is-content-justification-center is-layout-flex wp-container-core-buttons-is-layout-a89b3969 wp-block-buttons-is-layout-flex\">\n<div class=\"wp-block-button\"><a class=\"wp-block-button__link wp-element-button\" href=\"https:\/\/andreacortes.com\/ca\/curs-de-talla-de-culleres-dia-complet\/\">+ INFO<\/a><\/div>\n<\/div>\n<\/div>\n\n\n\n<div class=\"wp-block-column is-layout-flow wp-block-column-is-layout-flow\" style=\"padding-top:0;padding-right:var(--wp--preset--spacing--60);padding-bottom:0;padding-left:var(--wp--preset--spacing--60);flex-basis:33%\">\n<h3 class=\"wp-block-heading has-text-align-center has-medium-font-size\"><a href=\"https:\/\/andreacortes.com\/ca\/curs-tamboret-perch\/\" data-type=\"page\" data-id=\"1243\">Tamboret Perch<\/a><\/h3>\n\n\n\n<figure class=\"wp-block-image size-full\"><a href=\"https:\/\/andreacortes.com\/ca\/curs-tamboret-perch\/\"><img loading=\"lazy\" decoding=\"async\" width=\"1000\" height=\"1000\" src=\"https:\/\/andreacortes.com\/wp-content\/uploads\/2024\/08\/curso-taburete-perch.jpg\" alt=\"\" class=\"wp-image-1198\" srcset=\"https:\/\/andreacortes.com\/wp-content\/uploads\/2024\/08\/curso-taburete-perch.jpg 1000w, https:\/\/andreacortes.com\/wp-content\/uploads\/2024\/08\/curso-taburete-perch-300x300.jpg 300w, https:\/\/andreacortes.com\/wp-content\/uploads\/2024\/08\/curso-taburete-perch-150x150.jpg 150w, https:\/\/andreacortes.com\/wp-content\/uploads\/2024\/08\/curso-taburete-perch-768x768.jpg 768w, https:\/\/andreacortes.com\/wp-content\/uploads\/2024\/08\/curso-taburete-perch-600x600.jpg 600w, https:\/\/andreacortes.com\/wp-content\/uploads\/2024\/08\/curso-taburete-perch-100x100.jpg 100w\" sizes=\"auto, (max-width: 1000px) 100vw, 1000px\" \/><\/a><\/figure>\n\n\n\n<p>Fabrica un tamboret de tres potes amb seient tallat usant nom\u00e9s eines manuals tradicionals.<\/p>\n\n\n\n<p><strong>Duraci\u00f3<\/strong>: 4 dies (28 hores)<\/p>\n\n\n\n<p><strong>Nivell<\/strong>: Intermedi<\/p>\n\n\n\n<div class=\"wp-block-buttons is-content-justification-center is-layout-flex wp-container-core-buttons-is-layout-a89b3969 wp-block-buttons-is-layout-flex\">\n<div class=\"wp-block-button\"><a class=\"wp-block-button__link wp-element-button\" href=\"https:\/\/andreacortes.com\/ca\/curs-tamboret-perch\/\">+ INFO<\/a><\/div>\n<\/div>\n<\/div>\n<\/div>\n\n<div class=\"wp-block-uagb-separator uagb-block-4ce282e6\"><div class=\"uagb-separator-spacing-wrapper\"><div class=\"wp-block-uagb-separator__inner\" style=\"--my-background-image:\"><\/div><\/div><\/div>\n\n<div class=\"wp-block-columns is-layout-flex wp-container-core-columns-is-layout-28f84493 wp-block-columns-is-layout-flex\">\n<div class=\"wp-block-column is-layout-flow wp-block-column-is-layout-flow\" style=\"padding-top:0;padding-right:var(--wp--preset--spacing--60);padding-bottom:0;padding-left:var(--wp--preset--spacing--60);flex-basis:33%\">\n<h3 class=\"wp-block-heading has-text-align-center has-medium-font-size\"><a href=\"https:\/\/andreacortes.com\/ca\/fabrica-una-mula-de-talla\/\" data-type=\"page\" data-id=\"1667\">Mula de Talla<\/a><\/h3>\n\n\n\n<figure class=\"wp-block-image size-full\"><a href=\"https:\/\/andreacortes.com\/ca\/fabrica-una-mula-de-talla\/\"><img loading=\"lazy\" decoding=\"async\" width=\"1200\" height=\"1200\" src=\"https:\/\/andreacortes.com\/wp-content\/uploads\/2024\/09\/curso-mula-de-talla.jpg\" alt=\"\" class=\"wp-image-1320\" style=\"aspect-ratio:1;object-fit:cover\" srcset=\"https:\/\/andreacortes.com\/wp-content\/uploads\/2024\/09\/curso-mula-de-talla.jpg 1200w, https:\/\/andreacortes.com\/wp-content\/uploads\/2024\/09\/curso-mula-de-talla-300x300.jpg 300w, https:\/\/andreacortes.com\/wp-content\/uploads\/2024\/09\/curso-mula-de-talla-1024x1024.jpg 1024w, https:\/\/andreacortes.com\/wp-content\/uploads\/2024\/09\/curso-mula-de-talla-150x150.jpg 150w, https:\/\/andreacortes.com\/wp-content\/uploads\/2024\/09\/curso-mula-de-talla-768x768.jpg 768w, https:\/\/andreacortes.com\/wp-content\/uploads\/2024\/09\/curso-mula-de-talla-600x600.jpg 600w, https:\/\/andreacortes.com\/wp-content\/uploads\/2024\/09\/curso-mula-de-talla-100x100.jpg 100w\" sizes=\"auto, (max-width: 1200px) 100vw, 1200px\" \/><\/a><\/figure>\n\n\n\n<p>Fabrica la teva pr\u00f2pia mula de talla desmuntable perqu\u00e8 continu\u00efs amb la teva pr\u00e0ctica a casa.<\/p>\n\n\n\n<p><strong>Durada<\/strong>: 8 hores<\/p>\n\n\n\n<p><strong>Nivell<\/strong>: Principiant<\/p>\n\n\n\n<div class=\"wp-block-buttons is-content-justification-center is-layout-flex wp-container-core-buttons-is-layout-a89b3969 wp-block-buttons-is-layout-flex\">\n<div class=\"wp-block-button\"><a class=\"wp-block-button__link has-text-align-center wp-element-button\" href=\"https:\/\/andreacortes.com\/ca\/fabrica-una-mula-de-talla\/\">+ INFO<\/a><\/div>\n<\/div>\n<\/div>\n\n\n\n<div class=\"wp-block-column is-layout-flow wp-block-column-is-layout-flow\" style=\"padding-top:0;padding-right:var(--wp--preset--spacing--60);padding-bottom:0;padding-left:var(--wp--preset--spacing--60);flex-basis:33%\">\n<h3 class=\"wp-block-heading has-text-align-center has-medium-font-size\"><a href=\"https:\/\/andreacortes.com\/ca\/curs-de-talla-de-culleres-dia-complet\/\" data-type=\"page\" data-id=\"1560\">Tamboret Baix<\/a><\/h3>\n\n\n\n<figure class=\"wp-block-image size-full\"><a href=\"https:\/\/andreacortes.com\/ca\/curs-tamboret-baix\/\"><img loading=\"lazy\" decoding=\"async\" width=\"1000\" height=\"668\" src=\"https:\/\/andreacortes.com\/wp-content\/uploads\/2023\/02\/taburete-2.jpg\" alt=\"\" class=\"wp-image-739\" style=\"aspect-ratio:1;object-fit:cover\" srcset=\"https:\/\/andreacortes.com\/wp-content\/uploads\/2023\/02\/taburete-2.jpg 1000w, https:\/\/andreacortes.com\/wp-content\/uploads\/2023\/02\/taburete-2-300x200.jpg 300w, https:\/\/andreacortes.com\/wp-content\/uploads\/2023\/02\/taburete-2-768x513.jpg 768w, https:\/\/andreacortes.com\/wp-content\/uploads\/2023\/02\/taburete-2-600x401.jpg 600w\" sizes=\"auto, (max-width: 1000px) 100vw, 1000px\" \/><\/a><\/figure>\n\n\n\n<p>Fabrica un tamboret baix en nom\u00e9s un dia, usant nom\u00e9s eines manuals tradicionals.<\/p>\n\n\n\n<p><strong>Durada<\/strong>: 8 hores<\/p>\n\n\n\n<p><strong>Nivell<\/strong>: Principiant<\/p>\n\n\n\n<div class=\"wp-block-buttons is-content-justification-center is-layout-flex wp-container-core-buttons-is-layout-a89b3969 wp-block-buttons-is-layout-flex\">\n<div class=\"wp-block-button\"><a class=\"wp-block-button__link wp-element-button\" href=\"https:\/\/andreacortes.com\/ca\/curs-tamboret-baix\/\">+ info<\/a><\/div>\n<\/div>\n<\/div>\n\n\n\n<div class=\"wp-block-column is-layout-flow wp-block-column-is-layout-flow\" style=\"padding-top:0;padding-right:var(--wp--preset--spacing--60);padding-bottom:0;padding-left:var(--wp--preset--spacing--60);flex-basis:33%\">\n<h3 class=\"wp-block-heading has-text-align-center has-medium-font-size\"><a href=\"https:\/\/docs.google.com\/forms\/d\/e\/1FAIpQLSfBpOdqdHoPKnBRg-mJZJf8Xy9nCX7Da9N0ndkcEplUzZR1IQ\/viewform?usp=sf_link\" data-type=\"page\" data-id=\"1243\" target=\"_blank\" rel=\"noreferrer noopener\">Projecte a mida<\/a><\/h3>\n\n\n\n<figure class=\"wp-block-image size-full\"><img loading=\"lazy\" decoding=\"async\" width=\"800\" height=\"800\" src=\"https:\/\/andreacortes.com\/wp-content\/uploads\/2024\/11\/curso-a-medida.jpg\" alt=\"\" class=\"wp-image-1661\" srcset=\"https:\/\/andreacortes.com\/wp-content\/uploads\/2024\/11\/curso-a-medida.jpg 800w, https:\/\/andreacortes.com\/wp-content\/uploads\/2024\/11\/curso-a-medida-300x300.jpg 300w, https:\/\/andreacortes.com\/wp-content\/uploads\/2024\/11\/curso-a-medida-150x150.jpg 150w, https:\/\/andreacortes.com\/wp-content\/uploads\/2024\/11\/curso-a-medida-768x768.jpg 768w, https:\/\/andreacortes.com\/wp-content\/uploads\/2024\/11\/curso-a-medida-600x600.jpg 600w, https:\/\/andreacortes.com\/wp-content\/uploads\/2024\/11\/curso-a-medida-100x100.jpg 100w\" sizes=\"auto, (max-width: 800px) 100vw, 800px\" \/><\/figure>\n\n\n\n<p>Vols aprendre a fabricar alguna cosa espec\u00edfica? Parlem! <\/p>\n\n\n\n<p>Omple el seg\u00fcent formulari per enviar la teva idea.<\/p>\n\n\n\n<div class=\"wp-block-buttons is-content-justification-center is-layout-flex wp-container-core-buttons-is-layout-a89b3969 wp-block-buttons-is-layout-flex\">\n<div class=\"wp-block-button\"><a class=\"wp-block-button__link wp-element-button\" href=\"https:\/\/docs.google.com\/forms\/d\/e\/1FAIpQLSfBpOdqdHoPKnBRg-mJZJf8Xy9nCX7Da9N0ndkcEplUzZR1IQ\/viewform?usp=sf_link\" target=\"_blank\" rel=\"noreferrer noopener\">FORMULARI<\/a><\/div>\n<\/div>\n<\/div>\n<\/div>\n\n<div class=\"wp-block-uagb-info-box uagb-block-24335374 uagb-infobox__content-wrap  uagb-infobox-icon-above-title uagb-infobox-image-valign-top\"><div class=\"uagb-ifb-content\"><div class=\"uagb-ifb-icon-wrap\"><svg xmlns=\"https:\/\/www.w3.org\/2000\/svg\" viewbox=\"0 0 512 512\"><path d=\"M464 64C490.5 64 512 85.49 512 112C512 127.1 504.9 141.3 492.8 150.4L275.2 313.6C263.8 322.1 248.2 322.1 236.8 313.6L19.2 150.4C7.113 141.3 0 127.1 0 112C0 85.49 21.49 64 48 64H464zM217.6 339.2C240.4 356.3 271.6 356.3 294.4 339.2L512 176V384C512 419.3 483.3 448 448 448H64C28.65 448 0 419.3 0 384V176L217.6 339.2z\"><\/path><\/svg><\/div><div class=\"uagb-ifb-title-wrap\"><h3 class=\"uagb-ifb-title\">Rep informaci\u00f3 sobre nous cursos<\/h3><\/div><p class=\"uagb-ifb-desc\">Apunta&#8217;t a la meva llista de mailing per rebre noves dates dels cursos i nous llan\u00e7aments. <br\/>No envio mai m\u00e9s d&#8217;un email al mes, ho prometo.<\/p><div class=\"uagb-ifb-button-wrapper wp-block-button\"><a href=\"https:\/\/andreacortes.us14.list-manage.com\/subscribe?u=6e04997f70e387730eac22292id=d7277ed272\" class=\"uagb-infobox-cta-link wp-block-button__link\" target=\"_blank\" rel=\"noopener noreferrer\" onclick=\"return true;\"><span class=\"uagb-inline-editing\">Apunta&#8217;m<\/span><\/a><\/div><\/div><\/div>\n\n<p><\/p>\n\n<p><\/p>\n\n<p><\/p>\n\n<p><\/p>\n","protected":false},"excerpt":{"rendered":"<p>Apr\u00e8n a treballar la fusta artesanalment, usant eines manuals i t\u00e8cniques tradicionals. Apr\u00e8n a treballar la fusta artesanalment, usant eines manuals i t\u00e8cniques tradicionals. Cursos presencials disponibles: Talla de Culleres (4h) Apr\u00e8n a donar forma a la fusta amb eines manuals i t\u00e8cniques tipus Sloyd. Duraci\u00f3: 4 hores Nivell: Principiant Talla de Culleres (8h) Del [&hellip;]<\/p>\n","protected":false},"author":1,"featured_media":0,"parent":0,"menu_order":0,"comment_status":"closed","ping_status":"closed","template":"","meta":{"_uag_custom_page_level_css":"","site-sidebar-layout":"default","site-content-layout":"","ast-site-content-layout":"default","site-content-style":"default","site-sidebar-style":"default","ast-global-header-display":"","ast-banner-title-visibility":"","ast-main-header-display":"","ast-hfb-above-header-display":"","ast-hfb-below-header-display":"","ast-hfb-mobile-header-display":"","site-post-title":"disabled","ast-breadcrumbs-content":"","ast-featured-img":"","footer-sml-layout":"","ast-disable-related-posts":"","theme-transparent-header-meta":"","adv-header-id-meta":"","stick-header-meta":"","header-above-stick-meta":"","header-main-stick-meta":"","header-below-stick-meta":"","astra-migrate-meta-layouts":"default","ast-page-background-enabled":"default","ast-page-background-meta":{"desktop":{"background-color":"","background-image":"","background-repeat":"repeat","background-position":"center center","background-size":"auto","background-attachment":"scroll","background-type":"","background-media":"","overlay-type":"","overlay-color":"","overlay-opacity":"","overlay-gradient":""},"tablet":{"background-color":"","background-image":"","background-repeat":"repeat","background-position":"center center","background-size":"auto","background-attachment":"scroll","background-type":"","background-media":"","overlay-type":"","overlay-color":"","overlay-opacity":"","overlay-gradient":""},"mobile":{"background-color":"","background-image":"","background-repeat":"repeat","background-position":"center center","background-size":"auto","background-attachment":"scroll","background-type":"","background-media":"","overlay-type":"","overlay-color":"","overlay-opacity":"","overlay-gradient":""}},"ast-content-background-meta":{"desktop":{"background-color":"var(--ast-global-color-5)","background-image":"","background-repeat":"repeat","background-position":"center center","background-size":"auto","background-attachment":"scroll","background-type":"","background-media":"","overlay-type":"","overlay-color":"","overlay-opacity":"","overlay-gradient":""},"tablet":{"background-color":"var(--ast-global-color-5)","background-image":"","background-repeat":"repeat","background-position":"center center","background-size":"auto","background-attachment":"scroll","background-type":"","background-media":"","overlay-type":"","overlay-color":"","overlay-opacity":"","overlay-gradient":""},"mobile":{"background-color":"var(--ast-global-color-5)","background-image":"","background-repeat":"repeat","background-position":"center center","background-size":"auto","background-attachment":"scroll","background-type":"","background-media":"","overlay-type":"","overlay-color":"","overlay-opacity":"","overlay-gradient":""}},"footnotes":""},"class_list":["post-1236","page","type-page","status-publish","hentry"],"uagb_featured_image_src":{"full":false,"thumbnail":false,"medium":false,"medium_large":false,"large":false,"1536x1536":false,"2048x2048":false,"woocommerce_thumbnail":false,"woocommerce_single":false,"woocommerce_gallery_thumbnail":false},"uagb_author_info":{"display_name":"andrea.cortes85","author_link":"https:\/\/andreacortes.com\/ca\/author\/andrea-cortes85\/"},"uagb_comment_info":0,"uagb_excerpt":"Apr\u00e8n a treballar la fusta artesanalment, usant eines manuals i t\u00e8cniques tradicionals. Apr\u00e8n a treballar la fusta artesanalment, usant eines manuals i t\u00e8cniques tradicionals. Cursos presencials disponibles: Talla de Culleres (4h) Apr\u00e8n a donar forma a la fusta amb eines manuals i t\u00e8cniques tipus Sloyd. Duraci\u00f3: 4 hores Nivell: Principiant Talla de Culleres (8h) Del&hellip;","_links":{"self":[{"href":"https:\/\/andreacortes.com\/ca\/wp-json\/wp\/v2\/pages\/1236","targetHints":{"allow":["GET"]}}],"collection":[{"href":"https:\/\/andreacortes.com\/ca\/wp-json\/wp\/v2\/pages"}],"about":[{"href":"https:\/\/andreacortes.com\/ca\/wp-json\/wp\/v2\/types\/page"}],"author":[{"embeddable":true,"href":"https:\/\/andreacortes.com\/ca\/wp-json\/wp\/v2\/users\/1"}],"replies":[{"embeddable":true,"href":"https:\/\/andreacortes.com\/ca\/wp-json\/wp\/v2\/comments?post=1236"}],"version-history":[{"count":17,"href":"https:\/\/andreacortes.com\/ca\/wp-json\/wp\/v2\/pages\/1236\/revisions"}],"predecessor-version":[{"id":2006,"href":"https:\/\/andreacortes.com\/ca\/wp-json\/wp\/v2\/pages\/1236\/revisions\/2006"}],"wp:attachment":[{"href":"https:\/\/andreacortes.com\/ca\/wp-json\/wp\/v2\/media?parent=1236"}],"curies":[{"name":"wp","href":"https:\/\/api.w.org\/{rel}","templated":true}]}}