{"id":1299,"date":"2024-09-03T14:03:54","date_gmt":"2024-09-03T14:03:54","guid":{"rendered":"https:\/\/andreacortes.com\/curs-tamboret-perch\/"},"modified":"2025-04-23T20:38:55","modified_gmt":"2025-04-23T20:38:55","slug":"curs-tamboret-perch","status":"publish","type":"page","link":"https:\/\/andreacortes.com\/ca\/curs-tamboret-perch\/","title":{"rendered":"Curs Tamboret Perch"},"content":{"rendered":"\n<div class=\"wp-block-uagb-container uagb-block-19289bee alignfull uagb-is-root-container\"><div class=\"uagb-container-inner-blocks-wrap\">\n<div class=\"wp-block-uagb-container uagb-block-227850be\">\n<figure class=\"wp-block-image size-full\"><img loading=\"lazy\" decoding=\"async\" width=\"1000\" height=\"1000\" src=\"https:\/\/andreacortes.com\/wp-content\/uploads\/2024\/08\/curso-taburete-perch.jpg\" alt=\"\" class=\"wp-image-1198\" srcset=\"https:\/\/andreacortes.com\/wp-content\/uploads\/2024\/08\/curso-taburete-perch.jpg 1000w, https:\/\/andreacortes.com\/wp-content\/uploads\/2024\/08\/curso-taburete-perch-300x300.jpg 300w, https:\/\/andreacortes.com\/wp-content\/uploads\/2024\/08\/curso-taburete-perch-150x150.jpg 150w, https:\/\/andreacortes.com\/wp-content\/uploads\/2024\/08\/curso-taburete-perch-768x768.jpg 768w, https:\/\/andreacortes.com\/wp-content\/uploads\/2024\/08\/curso-taburete-perch-600x600.jpg 600w, https:\/\/andreacortes.com\/wp-content\/uploads\/2024\/08\/curso-taburete-perch-100x100.jpg 100w\" sizes=\"auto, (max-width: 1000px) 100vw, 1000px\" \/><\/figure>\n<\/div>\n\n\n\n<div class=\"wp-block-uagb-container uagb-block-efd8842a\">\n<p style=\"margin-top:0px;margin-bottom:0px;padding-top:0px;padding-right:0px;padding-bottom:0px;padding-left:0px\">El curs consisteix en la fabricaci\u00f3 d&#8217;un tamboret de tres potes amb seient tallat, usant gaireb\u00e9 exclusivament eines manuals especialitzades.<\/p>\n\n\n\n<p style=\"margin-top:0px;margin-right:0px;margin-bottom:0px;margin-left:0px\">Aprendr\u00e0s els conceptes essencials de la &#8220;Fusteria Verda&#8221; o Green Woodworking i com obtenir fusta amb les caracter\u00edstiques ideals per treballar-la amb eines manuals.<\/p>\n\n\n\n<p style=\"margin-top:0px;margin-bottom:0px;padding-top:0px;padding-bottom:0px\">Donar\u00e0s forma a les potes usant una mula de talla tradicional i construir\u00e0s l&#8217;estructura amb les puntes de caixa i espiga rodona i c\u00f2nica amb falca. <\/p>\n\n\n\n<p style=\"margin-top:0px;margin-bottom:0px\">El curs inclou tot el que necessites per fabricar el tamboret i emportar-te&#8217;l acabat a casa.<\/p>\n\n\n\n<p class=\"has-text-align-left\" style=\"margin-top:0;margin-bottom:0\"><strong>Duraci\u00f3<\/strong>: 28 hores (diferents intensitats hor\u00e0ries depenent de la data)<\/p>\n\n\n\n<p style=\"margin-top:0;margin-bottom:0\"><strong>Lloc<\/strong>: Carrer Rafael Casanova 10. Santa Perp\u00e8tua de Mogoda. <\/p>\n\n\n\n<p class=\"has-medium-font-size\" style=\"margin-top:0px;margin-bottom:0px\"><strong>Preu<\/strong>: 450\u20ac IVA incl.<\/p>\n<\/div>\n<\/div><\/div>\n\n<section class=\"wp-block-uagb-container uagb-block-369e2353 alignwide uagb-is-root-container\">\n<div class=\"wp-block-uagb-container uagb-block-737e2344\">\n<div class=\"wp-block-uagb-advanced-heading uagb-block-ece7aac7\"><h3 class=\"uagb-heading-text\"><strong>Properes dates<\/strong><\/h3><div class=\"uagb-separator\"><\/div><\/div>\n\n\n\n<p style=\"margin-top:0px;margin-bottom:0px\">Pots <strong>pagar nom\u00e9s el 30% del preu<\/strong> per reservar la teva pla\u00e7a fent servir el codi <strong>RESERVA<\/strong> en el proc\u00e9s de compra i pagar el 70% restant el dia del curs.<\/p>\n\n\n\n<div class=\"wp-block-amelia-events-list-booking-gutenberg-block\">[ameliaeventslistbooking tag=&#8221;{perch}&#8221;]<\/div>\n<\/div>\n\n\n\n<div class=\"wp-block-uagb-container uagb-block-314ab2ad\">\n<figure class=\"wp-block-image size-full\"><img loading=\"lazy\" decoding=\"async\" width=\"1000\" height=\"619\" src=\"https:\/\/andreacortes.com\/wp-content\/uploads\/2024\/09\/herramientas-de-talla-perch.jpg\" alt=\"\" class=\"wp-image-1257\" srcset=\"https:\/\/andreacortes.com\/wp-content\/uploads\/2024\/09\/herramientas-de-talla-perch.jpg 1000w, https:\/\/andreacortes.com\/wp-content\/uploads\/2024\/09\/herramientas-de-talla-perch-300x186.jpg 300w, https:\/\/andreacortes.com\/wp-content\/uploads\/2024\/09\/herramientas-de-talla-perch-768x475.jpg 768w, https:\/\/andreacortes.com\/wp-content\/uploads\/2024\/09\/herramientas-de-talla-perch-600x371.jpg 600w\" sizes=\"auto, (max-width: 1000px) 100vw, 1000px\" \/><\/figure>\n<\/div>\n<\/section>\n\n<div class=\"wp-block-uagb-advanced-heading uagb-block-a6baba1e\"><h3 class=\"uagb-heading-text\"><strong>Preguntes Freq\u00fcents<\/strong><\/h3><div class=\"uagb-separator\"><\/div><\/div>\n\n<div class=\"wp-block-uagb-advanced-heading uagb-block-0a468553\"><h4 class=\"uagb-heading-text\">Necessito experi\u00e8ncia?<\/h4><\/div>\n\n<p>\u00c9s bo tenir una mica d&#8217;experi\u00e8ncia amb la fusta. \u00c9s un curs molt exigent f\u00edsicament. <\/p>\n\n<div class=\"wp-block-uagb-advanced-heading uagb-block-425973f9\"><h4 class=\"uagb-heading-text\">He de portar alguna cosa?<\/h4><\/div>\n\n<p>No cal que portis res, encara que si tens eines pr\u00f2pies que prefereixes fer servir pots portar-les. Recordeu que han d&#8217;estar esmolades perqu\u00e8 no tindrem temps d&#8217;esmolar. <\/p>\n\n<div class=\"wp-block-uagb-advanced-heading uagb-block-763cb523\"><h4 class=\"uagb-heading-text\">El dinar est\u00e0 incl\u00f2s?<\/h4><\/div>\n\n<p>No est\u00e0 incl\u00f2s.\nUn cop tancat el grup, ens posarem d&#8217;acord per dinar plegats. <\/p>\n\n<div class=\"wp-block-uagb-advanced-heading uagb-block-4bbbd19b\"><h4 class=\"uagb-heading-text\">Com s&#8217;arriba a Santa Perp\u00e8tua de Mogoda?<\/h4><\/div>\n\n<p>Amb transport p\u00fablic des de Barcelona, amb Autobus (201 o e11) des de La Sagrera \/ Meridiana. O a Rodalies R2 des de Passeig de Gr\u00e0cia fins a la parada La Llagosta on et puc recollir. <\/p>\n\n<p>Amb cotxe es triga 20-30 minuts des de Barcelona per la C-33. Hi ha zones gratu\u00eftes de p\u00e0rquing a prop del taller. <\/p>\n\n<div class=\"wp-block-uagb-advanced-heading uagb-block-e1045f4e\"><h4 class=\"uagb-heading-text\">Quin idioma \u00e9s el curs?<\/h4><\/div>\n\n<p>S\u00f3c biling\u00fce Castell\u00e0 \/ Angl\u00e8s. Entenc el Catal\u00e0 per\u00f2 no ho parlo gaire b\u00e9. M&#8217;adapto a les necessitats de cada grup. <\/p>\n\n<p><\/p>\n\n<p><\/p>\n","protected":false},"excerpt":{"rendered":"<p>El curs consisteix en la fabricaci\u00f3 d&#8217;un tamboret de tres potes amb seient tallat, usant gaireb\u00e9 exclusivament eines manuals especialitzades. Aprendr\u00e0s els conceptes essencials de la &#8220;Fusteria Verda&#8221; o Green Woodworking i com obtenir fusta amb les caracter\u00edstiques ideals per treballar-la amb eines manuals. Donar\u00e0s forma a les potes usant una mula de talla tradicional [&hellip;]<\/p>\n","protected":false},"author":1,"featured_media":0,"parent":0,"menu_order":0,"comment_status":"closed","ping_status":"closed","template":"","meta":{"_uag_custom_page_level_css":"","site-sidebar-layout":"default","site-content-layout":"","ast-site-content-layout":"default","site-content-style":"default","site-sidebar-style":"default","ast-global-header-display":"","ast-banner-title-visibility":"","ast-main-header-display":"","ast-hfb-above-header-display":"","ast-hfb-below-header-display":"","ast-hfb-mobile-header-display":"","site-post-title":"","ast-breadcrumbs-content":"","ast-featured-img":"","footer-sml-layout":"","ast-disable-related-posts":"","theme-transparent-header-meta":"","adv-header-id-meta":"","stick-header-meta":"","header-above-stick-meta":"","header-main-stick-meta":"","header-below-stick-meta":"","astra-migrate-meta-layouts":"default","ast-page-background-enabled":"default","ast-page-background-meta":{"desktop":{"background-color":"","background-image":"","background-repeat":"repeat","background-position":"center center","background-size":"auto","background-attachment":"scroll","background-type":"","background-media":"","overlay-type":"","overlay-color":"","overlay-opacity":"","overlay-gradient":""},"tablet":{"background-color":"","background-image":"","background-repeat":"repeat","background-position":"center center","background-size":"auto","background-attachment":"scroll","background-type":"","background-media":"","overlay-type":"","overlay-color":"","overlay-opacity":"","overlay-gradient":""},"mobile":{"background-color":"","background-image":"","background-repeat":"repeat","background-position":"center center","background-size":"auto","background-attachment":"scroll","background-type":"","background-media":"","overlay-type":"","overlay-color":"","overlay-opacity":"","overlay-gradient":""}},"ast-content-background-meta":{"desktop":{"background-color":"var(--ast-global-color-5)","background-image":"","background-repeat":"repeat","background-position":"center center","background-size":"auto","background-attachment":"scroll","background-type":"","background-media":"","overlay-type":"","overlay-color":"","overlay-opacity":"","overlay-gradient":""},"tablet":{"background-color":"var(--ast-global-color-5)","background-image":"","background-repeat":"repeat","background-position":"center center","background-size":"auto","background-attachment":"scroll","background-type":"","background-media":"","overlay-type":"","overlay-color":"","overlay-opacity":"","overlay-gradient":""},"mobile":{"background-color":"var(--ast-global-color-5)","background-image":"","background-repeat":"repeat","background-position":"center center","background-size":"auto","background-attachment":"scroll","background-type":"","background-media":"","overlay-type":"","overlay-color":"","overlay-opacity":"","overlay-gradient":""}},"footnotes":""},"class_list":["post-1299","page","type-page","status-publish","hentry"],"uagb_featured_image_src":{"full":false,"thumbnail":false,"medium":false,"medium_large":false,"large":false,"1536x1536":false,"2048x2048":false,"woocommerce_thumbnail":false,"woocommerce_single":false,"woocommerce_gallery_thumbnail":false},"uagb_author_info":{"display_name":"andrea.cortes85","author_link":"https:\/\/andreacortes.com\/ca\/author\/andrea-cortes85\/"},"uagb_comment_info":0,"uagb_excerpt":"El curs consisteix en la fabricaci\u00f3 d&#8217;un tamboret de tres potes amb seient tallat, usant gaireb\u00e9 exclusivament eines manuals especialitzades. Aprendr\u00e0s els conceptes essencials de la &#8220;Fusteria Verda&#8221; o Green Woodworking i com obtenir fusta amb les caracter\u00edstiques ideals per treballar-la amb eines manuals. Donar\u00e0s forma a les potes usant una mula de talla tradicional&hellip;","_links":{"self":[{"href":"https:\/\/andreacortes.com\/ca\/wp-json\/wp\/v2\/pages\/1299","targetHints":{"allow":["GET"]}}],"collection":[{"href":"https:\/\/andreacortes.com\/ca\/wp-json\/wp\/v2\/pages"}],"about":[{"href":"https:\/\/andreacortes.com\/ca\/wp-json\/wp\/v2\/types\/page"}],"author":[{"embeddable":true,"href":"https:\/\/andreacortes.com\/ca\/wp-json\/wp\/v2\/users\/1"}],"replies":[{"embeddable":true,"href":"https:\/\/andreacortes.com\/ca\/wp-json\/wp\/v2\/comments?post=1299"}],"version-history":[{"count":7,"href":"https:\/\/andreacortes.com\/ca\/wp-json\/wp\/v2\/pages\/1299\/revisions"}],"predecessor-version":[{"id":2050,"href":"https:\/\/andreacortes.com\/ca\/wp-json\/wp\/v2\/pages\/1299\/revisions\/2050"}],"wp:attachment":[{"href":"https:\/\/andreacortes.com\/ca\/wp-json\/wp\/v2\/media?parent=1299"}],"curies":[{"name":"wp","href":"https:\/\/api.w.org\/{rel}","templated":true}]}}