{"id":1491,"date":"2024-10-21T11:42:05","date_gmt":"2024-10-21T11:42:05","guid":{"rendered":"https:\/\/andreacortes.com\/culleres-nuades-amb-sandra-witteman\/"},"modified":"2024-10-21T14:16:43","modified_gmt":"2024-10-21T14:16:43","slug":"culleres-nuades-amb-sandra-witteman","status":"publish","type":"page","link":"https:\/\/andreacortes.com\/ca\/culleres-nuades-amb-sandra-witteman\/","title":{"rendered":"Culleres Nuades amb Sandra Witteman"},"content":{"rendered":"\n<section class=\"wp-block-uagb-columns uagb-columns__wrap uagb-columns__background-none uagb-columns__stack-mobile uagb-columns__valign- uagb-columns__gap-10 align uagb-block-0395ab55 uagb-columns__columns-2 uagb-columns__max_width-theme\"><div class=\"uagb-columns__overlay\"><\/div><div class=\"uagb-columns__inner-wrap uagb-columns__columns-2\">\n<div class=\"wp-block-uagb-column uagb-column__wrap uagb-column__background-undefined uagb-block-89ec4083\"><div class=\"uagb-column__overlay\"><\/div>\n<div class=\"wp-block-blockgallery-carousel\"><div class=\"is-cropped blockgallery has-no-alignment has-caption-style-dark has-horizontal-gutter\"><div class=\"has-carousel has-carousel-lrg\" style=\"height:400px\" data-flickity=\"{&quot;autoPlay&quot;:false,&quot;draggable&quot;:true,&quot;pageDots&quot;:false,&quot;prevNextButtons&quot;:true,&quot;wrapAround&quot;:true,&quot;arrowShape&quot;:{&quot;x0&quot;:10,&quot;x1&quot;:60,&quot;y1&quot;:50,&quot;x2&quot;:65,&quot;y2&quot;:45,&quot;x3&quot;:20}}\"><div class=\"blockgallery--item\"><figure class=\"blockgallery--figure has-margin-left-5 has-margin-left-mobile-5 has-margin-right-5 has-margin-right-mobile-5\"><img loading=\"lazy\" decoding=\"async\" width=\"1000\" height=\"1000\" src=\"https:\/\/andreacortes.com\/wp-content\/uploads\/2024\/10\/aprende-talla-cucharas.jpg\" alt=\"\" data-id=\"1462\" data-link=\"https:\/\/andreacortes.com\/?attachment_id=1462\" class=\"wp-image-1462\" srcset=\"https:\/\/andreacortes.com\/wp-content\/uploads\/2024\/10\/aprende-talla-cucharas.jpg 1000w, https:\/\/andreacortes.com\/wp-content\/uploads\/2024\/10\/aprende-talla-cucharas-300x300.jpg 300w, https:\/\/andreacortes.com\/wp-content\/uploads\/2024\/10\/aprende-talla-cucharas-150x150.jpg 150w, https:\/\/andreacortes.com\/wp-content\/uploads\/2024\/10\/aprende-talla-cucharas-768x768.jpg 768w, https:\/\/andreacortes.com\/wp-content\/uploads\/2024\/10\/aprende-talla-cucharas-600x600.jpg 600w, https:\/\/andreacortes.com\/wp-content\/uploads\/2024\/10\/aprende-talla-cucharas-100x100.jpg 100w\" sizes=\"auto, (max-width: 1000px) 100vw, 1000px\" \/><\/figure><\/div><div class=\"blockgallery--item\"><figure class=\"blockgallery--figure has-margin-left-5 has-margin-left-mobile-5 has-margin-right-5 has-margin-right-mobile-5\"><img loading=\"lazy\" decoding=\"async\" width=\"1000\" height=\"1000\" src=\"https:\/\/andreacortes.com\/wp-content\/uploads\/2024\/10\/cuchara-anudada-madera.jpg\" alt=\"\" data-id=\"1465\" data-link=\"https:\/\/andreacortes.com\/?attachment_id=1465\" class=\"wp-image-1465\" srcset=\"https:\/\/andreacortes.com\/wp-content\/uploads\/2024\/10\/cuchara-anudada-madera.jpg 1000w, https:\/\/andreacortes.com\/wp-content\/uploads\/2024\/10\/cuchara-anudada-madera-300x300.jpg 300w, https:\/\/andreacortes.com\/wp-content\/uploads\/2024\/10\/cuchara-anudada-madera-150x150.jpg 150w, https:\/\/andreacortes.com\/wp-content\/uploads\/2024\/10\/cuchara-anudada-madera-768x768.jpg 768w, https:\/\/andreacortes.com\/wp-content\/uploads\/2024\/10\/cuchara-anudada-madera-600x600.jpg 600w, https:\/\/andreacortes.com\/wp-content\/uploads\/2024\/10\/cuchara-anudada-madera-100x100.jpg 100w\" sizes=\"auto, (max-width: 1000px) 100vw, 1000px\" \/><\/figure><\/div><div class=\"blockgallery--item\"><figure class=\"blockgallery--figure has-margin-left-5 has-margin-left-mobile-5 has-margin-right-5 has-margin-right-mobile-5\"><img loading=\"lazy\" decoding=\"async\" width=\"1000\" height=\"1000\" src=\"https:\/\/andreacortes.com\/wp-content\/uploads\/2024\/10\/curso-talla-cucharas-sandra-witteman.jpg\" alt=\"\" data-id=\"1468\" data-link=\"https:\/\/andreacortes.com\/?attachment_id=1468\" class=\"wp-image-1468\" srcset=\"https:\/\/andreacortes.com\/wp-content\/uploads\/2024\/10\/curso-talla-cucharas-sandra-witteman.jpg 1000w, https:\/\/andreacortes.com\/wp-content\/uploads\/2024\/10\/curso-talla-cucharas-sandra-witteman-300x300.jpg 300w, https:\/\/andreacortes.com\/wp-content\/uploads\/2024\/10\/curso-talla-cucharas-sandra-witteman-150x150.jpg 150w, https:\/\/andreacortes.com\/wp-content\/uploads\/2024\/10\/curso-talla-cucharas-sandra-witteman-768x768.jpg 768w, https:\/\/andreacortes.com\/wp-content\/uploads\/2024\/10\/curso-talla-cucharas-sandra-witteman-600x600.jpg 600w, https:\/\/andreacortes.com\/wp-content\/uploads\/2024\/10\/curso-talla-cucharas-sandra-witteman-100x100.jpg 100w\" sizes=\"auto, (max-width: 1000px) 100vw, 1000px\" \/><\/figure><\/div><div class=\"blockgallery--item\"><figure class=\"blockgallery--figure has-margin-left-5 has-margin-left-mobile-5 has-margin-right-5 has-margin-right-mobile-5\"><img loading=\"lazy\" decoding=\"async\" width=\"1000\" height=\"1000\" src=\"https:\/\/andreacortes.com\/wp-content\/uploads\/2024\/10\/knotted-spoon-class.jpg\" alt=\"\" data-id=\"1471\" data-link=\"https:\/\/andreacortes.com\/?attachment_id=1471\" class=\"wp-image-1471\" srcset=\"https:\/\/andreacortes.com\/wp-content\/uploads\/2024\/10\/knotted-spoon-class.jpg 1000w, https:\/\/andreacortes.com\/wp-content\/uploads\/2024\/10\/knotted-spoon-class-300x300.jpg 300w, https:\/\/andreacortes.com\/wp-content\/uploads\/2024\/10\/knotted-spoon-class-150x150.jpg 150w, https:\/\/andreacortes.com\/wp-content\/uploads\/2024\/10\/knotted-spoon-class-768x768.jpg 768w, https:\/\/andreacortes.com\/wp-content\/uploads\/2024\/10\/knotted-spoon-class-600x600.jpg 600w, https:\/\/andreacortes.com\/wp-content\/uploads\/2024\/10\/knotted-spoon-class-100x100.jpg 100w\" sizes=\"auto, (max-width: 1000px) 100vw, 1000px\" \/><\/figure><\/div><div class=\"blockgallery--item\"><figure class=\"blockgallery--figure has-margin-left-5 has-margin-left-mobile-5 has-margin-right-5 has-margin-right-mobile-5\"><img loading=\"lazy\" decoding=\"async\" width=\"1000\" height=\"1000\" src=\"https:\/\/andreacortes.com\/wp-content\/uploads\/2024\/10\/knotted-spoon-workshop-barcelona.jpg\" alt=\"\" data-id=\"1474\" data-link=\"https:\/\/andreacortes.com\/?attachment_id=1474\" class=\"wp-image-1474\" srcset=\"https:\/\/andreacortes.com\/wp-content\/uploads\/2024\/10\/knotted-spoon-workshop-barcelona.jpg 1000w, https:\/\/andreacortes.com\/wp-content\/uploads\/2024\/10\/knotted-spoon-workshop-barcelona-300x300.jpg 300w, https:\/\/andreacortes.com\/wp-content\/uploads\/2024\/10\/knotted-spoon-workshop-barcelona-150x150.jpg 150w, https:\/\/andreacortes.com\/wp-content\/uploads\/2024\/10\/knotted-spoon-workshop-barcelona-768x768.jpg 768w, https:\/\/andreacortes.com\/wp-content\/uploads\/2024\/10\/knotted-spoon-workshop-barcelona-600x600.jpg 600w, https:\/\/andreacortes.com\/wp-content\/uploads\/2024\/10\/knotted-spoon-workshop-barcelona-100x100.jpg 100w\" sizes=\"auto, (max-width: 1000px) 100vw, 1000px\" \/><\/figure><\/div><div class=\"blockgallery--item\"><figure class=\"blockgallery--figure has-margin-left-5 has-margin-left-mobile-5 has-margin-right-5 has-margin-right-mobile-5\"><img loading=\"lazy\" decoding=\"async\" width=\"1000\" height=\"1000\" src=\"https:\/\/andreacortes.com\/wp-content\/uploads\/2024\/10\/nudo-cuchara-madera-barcelona.jpg\" alt=\"\" data-id=\"1477\" data-link=\"https:\/\/andreacortes.com\/?attachment_id=1477\" class=\"wp-image-1477\" srcset=\"https:\/\/andreacortes.com\/wp-content\/uploads\/2024\/10\/nudo-cuchara-madera-barcelona.jpg 1000w, https:\/\/andreacortes.com\/wp-content\/uploads\/2024\/10\/nudo-cuchara-madera-barcelona-300x300.jpg 300w, https:\/\/andreacortes.com\/wp-content\/uploads\/2024\/10\/nudo-cuchara-madera-barcelona-150x150.jpg 150w, https:\/\/andreacortes.com\/wp-content\/uploads\/2024\/10\/nudo-cuchara-madera-barcelona-768x768.jpg 768w, https:\/\/andreacortes.com\/wp-content\/uploads\/2024\/10\/nudo-cuchara-madera-barcelona-600x600.jpg 600w, https:\/\/andreacortes.com\/wp-content\/uploads\/2024\/10\/nudo-cuchara-madera-barcelona-100x100.jpg 100w\" sizes=\"auto, (max-width: 1000px) 100vw, 1000px\" \/><\/figure><\/div><div class=\"blockgallery--item\"><figure class=\"blockgallery--figure has-margin-left-5 has-margin-left-mobile-5 has-margin-right-5 has-margin-right-mobile-5\"><img loading=\"lazy\" decoding=\"async\" width=\"1000\" height=\"1000\" src=\"https:\/\/andreacortes.com\/wp-content\/uploads\/2024\/10\/proceso-cuchara-anudada.jpg\" alt=\"\" data-id=\"1480\" data-link=\"https:\/\/andreacortes.com\/?attachment_id=1480\" class=\"wp-image-1480\" srcset=\"https:\/\/andreacortes.com\/wp-content\/uploads\/2024\/10\/proceso-cuchara-anudada.jpg 1000w, https:\/\/andreacortes.com\/wp-content\/uploads\/2024\/10\/proceso-cuchara-anudada-300x300.jpg 300w, https:\/\/andreacortes.com\/wp-content\/uploads\/2024\/10\/proceso-cuchara-anudada-150x150.jpg 150w, https:\/\/andreacortes.com\/wp-content\/uploads\/2024\/10\/proceso-cuchara-anudada-768x768.jpg 768w, https:\/\/andreacortes.com\/wp-content\/uploads\/2024\/10\/proceso-cuchara-anudada-600x600.jpg 600w, https:\/\/andreacortes.com\/wp-content\/uploads\/2024\/10\/proceso-cuchara-anudada-100x100.jpg 100w\" sizes=\"auto, (max-width: 1000px) 100vw, 1000px\" \/><\/figure><\/div><div class=\"blockgallery--item\"><figure class=\"blockgallery--figure has-margin-left-5 has-margin-left-mobile-5 has-margin-right-5 has-margin-right-mobile-5\"><img loading=\"lazy\" decoding=\"async\" width=\"1000\" height=\"1000\" src=\"https:\/\/andreacortes.com\/wp-content\/uploads\/2024\/10\/wooden-knot-spoon.jpg\" alt=\"\" data-id=\"1483\" data-link=\"https:\/\/andreacortes.com\/?attachment_id=1483\" class=\"wp-image-1483\" srcset=\"https:\/\/andreacortes.com\/wp-content\/uploads\/2024\/10\/wooden-knot-spoon.jpg 1000w, https:\/\/andreacortes.com\/wp-content\/uploads\/2024\/10\/wooden-knot-spoon-300x300.jpg 300w, https:\/\/andreacortes.com\/wp-content\/uploads\/2024\/10\/wooden-knot-spoon-150x150.jpg 150w, https:\/\/andreacortes.com\/wp-content\/uploads\/2024\/10\/wooden-knot-spoon-768x768.jpg 768w, https:\/\/andreacortes.com\/wp-content\/uploads\/2024\/10\/wooden-knot-spoon-600x600.jpg 600w, https:\/\/andreacortes.com\/wp-content\/uploads\/2024\/10\/wooden-knot-spoon-100x100.jpg 100w\" sizes=\"auto, (max-width: 1000px) 100vw, 1000px\" \/><\/figure><\/div><\/div><\/div><\/div>\n<\/div>\n\n\n\n<div class=\"wp-block-uagb-column uagb-column__wrap uagb-column__background-undefined uagb-block-1c0a417b\"><div class=\"uagb-column__overlay\"><\/div>\n<p>Porta la teva pr\u00e0ctica de talla al proper nivell i apr\u00e8n t\u00e8cniques avan\u00e7ades de talla de culleres de la m\u00e0 de Sandra Witteman.<\/p>\n\n\n\n<p>En aquest curs aprendr\u00e0s a tallar una cullera amb el m\u00e0nec nuat per poder desenvolupar dissenys escult\u00f2rics a les teves culleres i objectes.<\/p>\n\n\n\n<p><strong>Data \u00fanica:<\/strong> Diumenge 1 de desembre<\/p>\n\n\n\n<p><strong>Horari: <\/strong>10h a 18h (Una hora per dinar. Dinar no incl\u00f2s)<br><\/p>\n\n\n\n<p><strong>Lloc:<\/strong> <a href=\"https:\/\/maps.app.goo.gl\/Bz96mVmGEpbfHpeW7\" target=\"_blank\" rel=\"noreferrer noopener\">Wood Bern Studio<\/a> Carrer de Felip II, 181, Sant Andreu, 08027 Barcelona<\/p>\n\n\n\n<p><strong>Preu: 150\u20ac<\/strong><\/p>\n<\/div>\n<\/div><\/section>\n\n\n\n<p><strong>[ameliaevents type=&#8221;list&#8221; tag=&#8221;knot&#8221;]<\/strong><\/p>\n\n\n\n<p>Si no pots pagar la quantitat completa ara mateix, pots pagar el 50% per fer la reserva i el 50% restant el dia del curs. Per fer-ho, introdu\u00efu el codi <strong>PAGO50<\/strong> en el proc\u00e9s de pagament. <\/p>\n\n\n\n<div class=\"wp-block-uagb-container uagb-block-2802692c alignfull uagb-is-root-container\"><div class=\"uagb-container-inner-blocks-wrap\">\n<div class=\"wp-block-uagb-container uagb-block-6f07aac0\">\n<h2 class=\"wp-block-heading\">Sandra Witteman<\/h2>\n\n\n\n<figure class=\"wp-block-image size-full\"><img loading=\"lazy\" decoding=\"async\" width=\"1000\" height=\"1000\" src=\"https:\/\/andreacortes.com\/wp-content\/uploads\/2024\/10\/Sandra-Witteman.jpg\" alt=\"\" class=\"wp-image-1427\" srcset=\"https:\/\/andreacortes.com\/wp-content\/uploads\/2024\/10\/Sandra-Witteman.jpg 1000w, https:\/\/andreacortes.com\/wp-content\/uploads\/2024\/10\/Sandra-Witteman-300x300.jpg 300w, https:\/\/andreacortes.com\/wp-content\/uploads\/2024\/10\/Sandra-Witteman-150x150.jpg 150w, https:\/\/andreacortes.com\/wp-content\/uploads\/2024\/10\/Sandra-Witteman-768x768.jpg 768w, https:\/\/andreacortes.com\/wp-content\/uploads\/2024\/10\/Sandra-Witteman-600x600.jpg 600w, https:\/\/andreacortes.com\/wp-content\/uploads\/2024\/10\/Sandra-Witteman-100x100.jpg 100w\" sizes=\"auto, (max-width: 1000px) 100vw, 1000px\" \/><\/figure>\n<\/div>\n\n\n\n<div class=\"wp-block-uagb-container uagb-block-ad187ea7\">\n<p>Sandra Witteman era orfebre fins que va descobrir que li agradava molt m\u00e9s treballar amb fusta. Ara fa 9 anys que est\u00e0 immersa en el m\u00f3n de l&#8217;Ebenisteria Verda. <\/p>\n\n\n\n<p>Va comen\u00e7ar amb el tornejat de fusta al torn de pedal i la talla de culleres, i des de llavors ha realitzat molts projectes diferents i ha ofert cursos al seu pa\u00eds ia l&#8217;estranger. <\/p>\n\n\n\n<p>Fa dos anys el seu m\u00f3n va canviar quan va descobrir la m\u00e0gia dels Fan Birds o Ocells ventall a Anglaterra. Els ocells ventall van captivar el seu cor i sent que la seva vocaci\u00f3 \u00e9s compartir aquesta m\u00e0gia amb els altres. Ara viatja per Europa per compartir el coneixement i passi\u00f3 per l&#8217;ebenisteria verda i per aprendre m\u00e9s per si mateixa on pugui.  <\/p>\n\n\n\n<p>Coneix m\u00e9s sobre Sandra al seu Instagram: <a href=\"https:\/\/www.instagram.com\/sandrawitteman\/\">@sandrawitteman<\/a><\/p>\n<\/div>\n<\/div><\/div>\n\n\n\n<h2 class=\"wp-block-heading\">Preguntes Freq\u00fcents<\/h2>\n\n\n\n<h4 class=\"wp-block-heading\">Hi haur\u00e0 una altra data?<\/h4>\n\n\n\n<p>No, aquesta \u00e9s una oportunitat \u00fanica per aprendre amb la Sandra. No sabem quan ens podr\u00e0 visitar novament. <\/p>\n\n\n\n<h4 class=\"wp-block-heading\">Quin idioma es fa el curs?<\/h4>\n\n\n\n<p>Sandra parla angl\u00e8s per\u00f2 Andrea Cort\u00e9s estar\u00e0 present per traduir al castell\u00e0 si cal.<\/p>\n\n\n\n<h4 class=\"wp-block-heading\">He de portar alguna cosa?<\/h4>\n\n\n\n<p>No, totes les eines i la fusta estan incloses. Per\u00f2 pots portar les teves eines si vols. <\/p>\n\n\n\n<h4 class=\"wp-block-heading\">Est\u00e0 incl\u00f2s el dinar?<\/h4>\n\n\n\n<p>No. Ens posarem d&#8217;acord abans per dinar plegats. Cadasc\u00fa pot portar un tupper o demanem unes pizzes. Si tindrem disponibles begudes i alguna cosa per berenar.   <\/p>\n\n\n\n<h4 class=\"wp-block-heading\">Quantes persones serem?<\/h4>\n\n\n\n<p>Hi ha un m\u00e0xim de 6 places disponibles.<\/p>\n\n\n\n<h4 class=\"wp-block-heading\">Puc pagar en quotes?<\/h4>\n\n\n\n<p>S\u00ed, podeu pagar el 50% en el moment de la reserva i el 50% restant el dia del curs. Per fer-ho, introdu\u00efu el codi PAGO50 en el proc\u00e9s de pagament. <\/p>\n","protected":false},"excerpt":{"rendered":"<p>Porta la teva pr\u00e0ctica de talla al proper nivell i apr\u00e8n t\u00e8cniques avan\u00e7ades de talla de culleres de la m\u00e0 de Sandra Witteman. En aquest curs aprendr\u00e0s a tallar una cullera amb el m\u00e0nec nuat per poder desenvolupar dissenys escult\u00f2rics a les teves culleres i objectes. Data \u00fanica: Diumenge 1 de desembre Horari: 10h a [&hellip;]<\/p>\n","protected":false},"author":1,"featured_media":0,"parent":0,"menu_order":0,"comment_status":"closed","ping_status":"closed","template":"","meta":{"_uag_custom_page_level_css":"","site-sidebar-layout":"default","site-content-layout":"","ast-site-content-layout":"default","site-content-style":"default","site-sidebar-style":"default","ast-global-header-display":"","ast-banner-title-visibility":"","ast-main-header-display":"","ast-hfb-above-header-display":"","ast-hfb-below-header-display":"","ast-hfb-mobile-header-display":"","site-post-title":"","ast-breadcrumbs-content":"","ast-featured-img":"","footer-sml-layout":"","ast-disable-related-posts":"","theme-transparent-header-meta":"","adv-header-id-meta":"","stick-header-meta":"","header-above-stick-meta":"","header-main-stick-meta":"","header-below-stick-meta":"","astra-migrate-meta-layouts":"set","ast-page-background-enabled":"default","ast-page-background-meta":{"desktop":{"background-color":"","background-image":"","background-repeat":"repeat","background-position":"center center","background-size":"auto","background-attachment":"scroll","background-type":"","background-media":"","overlay-type":"","overlay-color":"","overlay-opacity":"","overlay-gradient":""},"tablet":{"background-color":"","background-image":"","background-repeat":"repeat","background-position":"center center","background-size":"auto","background-attachment":"scroll","background-type":"","background-media":"","overlay-type":"","overlay-color":"","overlay-opacity":"","overlay-gradient":""},"mobile":{"background-color":"","background-image":"","background-repeat":"repeat","background-position":"center center","background-size":"auto","background-attachment":"scroll","background-type":"","background-media":"","overlay-type":"","overlay-color":"","overlay-opacity":"","overlay-gradient":""}},"ast-content-background-meta":{"desktop":{"background-color":"var(--ast-global-color-5)","background-image":"","background-repeat":"repeat","background-position":"center center","background-size":"auto","background-attachment":"scroll","background-type":"","background-media":"","overlay-type":"","overlay-color":"","overlay-opacity":"","overlay-gradient":""},"tablet":{"background-color":"var(--ast-global-color-5)","background-image":"","background-repeat":"repeat","background-position":"center center","background-size":"auto","background-attachment":"scroll","background-type":"","background-media":"","overlay-type":"","overlay-color":"","overlay-opacity":"","overlay-gradient":""},"mobile":{"background-color":"var(--ast-global-color-5)","background-image":"","background-repeat":"repeat","background-position":"center center","background-size":"auto","background-attachment":"scroll","background-type":"","background-media":"","overlay-type":"","overlay-color":"","overlay-opacity":"","overlay-gradient":""}},"footnotes":""},"class_list":["post-1491","page","type-page","status-publish","hentry"],"uagb_featured_image_src":{"full":false,"thumbnail":false,"medium":false,"medium_large":false,"large":false,"1536x1536":false,"2048x2048":false,"woocommerce_thumbnail":false,"woocommerce_single":false,"woocommerce_gallery_thumbnail":false},"uagb_author_info":{"display_name":"andrea.cortes85","author_link":"https:\/\/andreacortes.com\/ca\/author\/andrea-cortes85\/"},"uagb_comment_info":0,"uagb_excerpt":"Porta la teva pr\u00e0ctica de talla al proper nivell i apr\u00e8n t\u00e8cniques avan\u00e7ades de talla de culleres de la m\u00e0 de Sandra Witteman. En aquest curs aprendr\u00e0s a tallar una cullera amb el m\u00e0nec nuat per poder desenvolupar dissenys escult\u00f2rics a les teves culleres i objectes. Data \u00fanica: Diumenge 1 de desembre Horari: 10h a&hellip;","_links":{"self":[{"href":"https:\/\/andreacortes.com\/ca\/wp-json\/wp\/v2\/pages\/1491","targetHints":{"allow":["GET"]}}],"collection":[{"href":"https:\/\/andreacortes.com\/ca\/wp-json\/wp\/v2\/pages"}],"about":[{"href":"https:\/\/andreacortes.com\/ca\/wp-json\/wp\/v2\/types\/page"}],"author":[{"embeddable":true,"href":"https:\/\/andreacortes.com\/ca\/wp-json\/wp\/v2\/users\/1"}],"replies":[{"embeddable":true,"href":"https:\/\/andreacortes.com\/ca\/wp-json\/wp\/v2\/comments?post=1491"}],"version-history":[{"count":6,"href":"https:\/\/andreacortes.com\/ca\/wp-json\/wp\/v2\/pages\/1491\/revisions"}],"predecessor-version":[{"id":1531,"href":"https:\/\/andreacortes.com\/ca\/wp-json\/wp\/v2\/pages\/1491\/revisions\/1531"}],"wp:attachment":[{"href":"https:\/\/andreacortes.com\/ca\/wp-json\/wp\/v2\/media?parent=1491"}],"curies":[{"name":"wp","href":"https:\/\/api.w.org\/{rel}","templated":true}]}}