{"id":1623,"date":"2024-11-16T19:21:46","date_gmt":"2024-11-16T19:21:46","guid":{"rendered":"https:\/\/andreacortes.com\/curs-de-talla-de-culleres-dia-complet\/"},"modified":"2025-05-28T16:26:33","modified_gmt":"2025-05-28T16:26:33","slug":"curs-de-talla-de-culleres-dia-complet","status":"publish","type":"page","link":"https:\/\/andreacortes.com\/ca\/curs-de-talla-de-culleres-dia-complet\/","title":{"rendered":"Curs de Talla de Culleres &#8211; Dia complet"},"content":{"rendered":"\n<div class=\"wp-block-uagb-container uagb-block-ce616e76 alignfull uagb-is-root-container\"><div class=\"uagb-container-inner-blocks-wrap\">\n<div class=\"wp-block-uagb-container uagb-block-3f6ea9eb\">\n<div class=\"wp-block-uagb-image uagb-block-a9f0a364 wp-block-uagb-image--layout-default wp-block-uagb-image--effect-static wp-block-uagb-image--align-none\"><figure class=\"wp-block-uagb-image__figure\"><img decoding=\"async\" srcset=\"https:\/\/andreacortes.com\/wp-content\/uploads\/2024\/11\/mano-tallando-cuchara.jpg ,https:\/\/andreacortes.com\/wp-content\/uploads\/2024\/11\/mano-tallando-cuchara.jpg 780w, https:\/\/andreacortes.com\/wp-content\/uploads\/2024\/11\/mano-tallando-cuchara.jpg 360w\" sizes=\"auto, (max-width: 480px) 150px\" src=\"https:\/\/andreacortes.com\/wp-content\/uploads\/2024\/11\/mano-tallando-cuchara.jpg\" alt=\"\" class=\"uag-image-1596\" width=\"1000\" height=\"737\" title=\"mano tallando cuchara\" loading=\"lazy\" role=\"img\"><\/figure><\/div>\n<\/div>\n\n\n\n<div class=\"wp-block-uagb-container uagb-block-b497fc20\">\n<p>Un dia complet en una masia envoltada de boscos on aprendr\u00e0s les t\u00e8cniques de talla amb la <a href=\"https:\/\/talladecucharas.com\/producto\/hacha-de-talla-afilada\/\" target=\"_blank\" rel=\"noreferrer noopener\">destral<\/a>, el <a href=\"https:\/\/talladecucharas.com\/producto\/cuchillo-de-talla-recto-largo\/\" target=\"_blank\" rel=\"noreferrer noopener\">ganivet recte<\/a> i la <a href=\"https:\/\/talladecucharas.com\/producto\/vaciador-morakniv-para-diestros\/\" target=\"_blank\" rel=\"noreferrer noopener\">legra o buidador<\/a> per donar forma a la fusta.<\/p>\n\n\n\n<p>Partirem d&#8217;un tronc de fusta en cru i l&#8217;especejarem manualment per despr\u00e9s donar-li forma amb cadascuna de les eines.<\/p>\n\n\n\n<p>La cullera nom\u00e9s \u00e9s una excusa per endinsar-nos en l&#8217;entesa de la fusta i la seva anatomia.<\/p>\n\n\n\n<p>El preu inclou el dinar.<\/p>\n\n\n\n<p>Si vols con\u00e8ixer m\u00e9s sobre aquest tipus de talla, visita el meu blog: <a rel=\"noreferrer noopener\" href=\"https:\/\/talladecucharas.com\/\" target=\"_blank\">talladecucharas.com<\/a><\/p>\n<\/div>\n<\/div><\/div>\n\n<div class=\"wp-block-uagb-container uagb-block-bd01522a alignfull uagb-is-root-container\"><div class=\"uagb-container-inner-blocks-wrap\">\n<div class=\"wp-block-uagb-container uagb-block-f12fef17\">\n<div class=\"wp-block-uagb-image uagb-block-c1d43fa7 wp-block-uagb-image--layout-default wp-block-uagb-image--effect-static wp-block-uagb-image--align-none\"><figure class=\"wp-block-uagb-image__figure\"><img decoding=\"async\" srcset=\"https:\/\/andreacortes.com\/wp-content\/uploads\/2024\/11\/andrea-cortes-curso-de-talla-madera.jpg ,https:\/\/andreacortes.com\/wp-content\/uploads\/2024\/11\/andrea-cortes-curso-de-talla-madera.jpg 780w, https:\/\/andreacortes.com\/wp-content\/uploads\/2024\/11\/andrea-cortes-curso-de-talla-madera.jpg 360w\" sizes=\"auto, (max-width: 480px) 150px\" src=\"https:\/\/andreacortes.com\/wp-content\/uploads\/2024\/11\/andrea-cortes-curso-de-talla-madera.jpg\" alt=\"\" class=\"uag-image-1580\" width=\"1000\" height=\"737\" title=\"andrea cortes curso de talla madera\" loading=\"lazy\" role=\"img\"><\/figure><\/div>\n\n\n\n<p>Pots <strong>pagar nom\u00e9s el 30% del preu<\/strong> per reservar la teva pla\u00e7a fent servir el codi <strong>RESERVA<\/strong> en el proc\u00e9s de compra i pagar el 70% restant el dia del curs.<\/p>\n\n\n\n<div class=\"wp-block-amelia-events-list-booking-gutenberg-block\">[ameliaeventslistbooking tag=&#8221;{atelier}&#8221;]<\/div>\n\n\n\n<div class=\"wp-block-uagb-image uagb-block-075afae0 wp-block-uagb-image--layout-default wp-block-uagb-image--effect-static wp-block-uagb-image--align-none\"><figure class=\"wp-block-uagb-image__figure\"><img decoding=\"async\" srcset=\"https:\/\/andreacortes.com\/wp-content\/uploads\/2024\/11\/talla-de-cucharas-dia-completo.jpg ,https:\/\/andreacortes.com\/wp-content\/uploads\/2024\/11\/talla-de-cucharas-dia-completo.jpg 780w, https:\/\/andreacortes.com\/wp-content\/uploads\/2024\/11\/talla-de-cucharas-dia-completo.jpg 360w\" sizes=\"auto, (max-width: 480px) 150px\" src=\"https:\/\/andreacortes.com\/wp-content\/uploads\/2024\/11\/talla-de-cucharas-dia-completo.jpg\" alt=\"\" class=\"uag-image-1565\" width=\"1000\" height=\"737\" title=\"talla de cucharas dia completo\" loading=\"lazy\" role=\"img\"><\/figure><\/div>\n<\/div>\n\n\n\n<div class=\"wp-block-uagb-container uagb-block-14d987ea\">\n<p><strong>Durada:<\/strong> 8 hores<\/p>\n\n\n\n<p><strong>Lloc:<\/strong> Diferents ubicacions. Veure programaci\u00f3. <\/p>\n\n\n\n<div class=\"wp-block-uagb-image uagb-block-06dc63a6 wp-block-uagb-image--layout-default wp-block-uagb-image--effect-static wp-block-uagb-image--align-none\"><figure class=\"wp-block-uagb-image__figure\"><img decoding=\"async\" srcset=\"https:\/\/andreacortes.com\/wp-content\/uploads\/2024\/11\/atelier.jpg ,https:\/\/andreacortes.com\/wp-content\/uploads\/2024\/11\/atelier.jpg 780w, https:\/\/andreacortes.com\/wp-content\/uploads\/2024\/11\/atelier.jpg 360w\" sizes=\"auto, (max-width: 480px) 150px\" src=\"https:\/\/andreacortes.com\/wp-content\/uploads\/2024\/11\/atelier.jpg\" alt=\"\" class=\"uag-image-1645\" width=\"1000\" height=\"663\" title=\"atelier\" loading=\"lazy\" role=\"img\"><\/figure><\/div>\n\n\n\n<p><strong>TOT INCL\u00d2S<\/strong><\/p>\n\n\n\n<div class=\"wp-block-uagb-image uagb-block-8b7b1c55 wp-block-uagb-image--layout-default wp-block-uagb-image--effect-static wp-block-uagb-image--align-none\"><figure class=\"wp-block-uagb-image__figure\"><img decoding=\"async\" srcset=\"https:\/\/andreacortes.com\/wp-content\/uploads\/2024\/11\/talla-madera-girona.jpg ,https:\/\/andreacortes.com\/wp-content\/uploads\/2024\/11\/talla-madera-girona.jpg 780w, https:\/\/andreacortes.com\/wp-content\/uploads\/2024\/11\/talla-madera-girona.jpg 360w\" sizes=\"auto, (max-width: 480px) 150px\" src=\"https:\/\/andreacortes.com\/wp-content\/uploads\/2024\/11\/talla-madera-girona.jpg\" alt=\"\" class=\"uag-image-1576\" width=\"1000\" height=\"737\" title=\"talla madera girona\" loading=\"lazy\" role=\"img\"><\/figure><\/div>\n\n\n\n<div class=\"wp-block-uagb-info-box uagb-block-48ee9411 uagb-infobox__content-wrap  uagb-infobox-icon-left-title uagb-infobox-left uagb-infobox-image-valign-top\"><div class=\"uagb-ifb-content\"><div class=\"uagb-ifb-left-title-image\"><div class=\"uagb-ifb-icon-wrap\"><svg xmlns=\"https:\/\/www.w3.org\/2000\/svg\" viewbox=\"0 0 512 512\"><path d=\"M506.3 417l-213.3-364c-16.33-28-57.54-28-73.98 0l-213.2 364C-10.59 444.9 9.849 480 42.74 480h426.6C502.1 480 522.6 445 506.3 417zM232 168c0-13.25 10.75-24 24-24S280 154.8 280 168v128c0 13.25-10.75 24-23.1 24S232 309.3 232 296V168zM256 416c-17.36 0-31.44-14.08-31.44-31.44c0-17.36 14.07-31.44 31.44-31.44s31.44 14.08 31.44 31.44C287.4 401.9 273.4 416 256 416z\"><\/path><\/svg><\/div><div class=\"uagb-ifb-title-wrap\"><h3 class=\"uagb-ifb-title\">ADVERT\u00c8NCIA<\/h3><\/div><\/div><p class=\"uagb-ifb-desc\">El curs no \u00e9s recomanable per a persones que tinguin aprehensi\u00f3 a la sang o pateixin d&#8217;hemof\u00edlia. <br\/><br\/>\u00c9s molt probable patir algun tall als dits durant el curs. No hi ha guants de seguretat que previnguin aquest tipus de talls i per aprendre correctament les t\u00e8cniques cal fer servir el tacte lliure dels nostres dits.<br\/><br\/>Aquest curs requereix de la nostra atenci\u00f3 plena, paci\u00e8ncia i calma. <\/p><\/div><\/div>\n<\/div>\n<\/div><\/div>\n\n<h2 class=\"wp-block-heading\"><strong>Preguntes Freq\u00fcents<\/strong><\/h2>\n\n<h4 class=\"wp-block-heading\">Necessito experi\u00e8ncia?<\/h4>\n\n<p>No cal experi\u00e8ncia per fer aquest curs. Nom\u00e9s moltes ganes i paci\u00e8ncia. <\/p>\n\n<h4 class=\"wp-block-heading\">He de portar alguna cosa?<\/h4>\n\n<p>No cal que portis res. Tot all\u00f2 que necessites est\u00e0 incl\u00f2s. <\/p>\n\n<h4 class=\"wp-block-heading\">El dinar est\u00e0 incl\u00f2s?<\/h4>\n\n<p>S\u00ed, inclou esmorzar, dinar i begudes.<\/p>\n\n<h4 class=\"wp-block-heading\">No tinc com arribar a la Masia, hi ha possibilitat de transport?<\/h4>\n\n<p>Podem acordar entre els assistents possibilitat de transport per a qui no tingui com arribar-hi. Escriu-me a info@andreacortes.com per gestionar-ho. <\/p>\n\n<h4 class=\"wp-block-heading\">Quin idioma \u00e9s el curs?<\/h4>\n\n<p>S\u00f3c biling\u00fce Castell\u00e0 \/ Angl\u00e8s. Entenc el Catal\u00e0 per\u00f2 no ho parlo gaire b\u00e9. M&#8217;adapto a les necessitats de cada grup. <\/p>\n\n<h4 class=\"wp-block-heading\">El curs sempre es fa a l&#8217;aire lliure?<\/h4>\n\n<p>No, nom\u00e9s quan el temps ho permet. Idealment tallem protegits del sol i la pluja. <\/p>\n\n<h4 class=\"wp-block-heading\">Poden fer-ho menors d&#8217;edat?<\/h4>\n\n<p>Nom\u00e9s si ja te experi\u00e8ncia amb eines de talla i sempre acompanyat d&#8217;un adult. Edat m\u00ednima: 15 anys. Abans de fer la reserva \u00e9s millor que m&#8217;escriguis per valorar-ho.  <\/p>\n","protected":false},"excerpt":{"rendered":"<p>Un dia complet en una masia envoltada de boscos on aprendr\u00e0s les t\u00e8cniques de talla amb la destral, el ganivet recte i la legra o buidador per donar forma a la fusta. Partirem d&#8217;un tronc de fusta en cru i l&#8217;especejarem manualment per despr\u00e9s donar-li forma amb cadascuna de les eines. La cullera nom\u00e9s \u00e9s [&hellip;]<\/p>\n","protected":false},"author":1,"featured_media":0,"parent":0,"menu_order":0,"comment_status":"closed","ping_status":"closed","template":"","meta":{"_uag_custom_page_level_css":"","site-sidebar-layout":"default","site-content-layout":"","ast-site-content-layout":"default","site-content-style":"default","site-sidebar-style":"default","ast-global-header-display":"","ast-banner-title-visibility":"","ast-main-header-display":"","ast-hfb-above-header-display":"","ast-hfb-below-header-display":"","ast-hfb-mobile-header-display":"","site-post-title":"","ast-breadcrumbs-content":"","ast-featured-img":"","footer-sml-layout":"","ast-disable-related-posts":"","theme-transparent-header-meta":"","adv-header-id-meta":"","stick-header-meta":"","header-above-stick-meta":"","header-main-stick-meta":"","header-below-stick-meta":"","astra-migrate-meta-layouts":"default","ast-page-background-enabled":"default","ast-page-background-meta":{"desktop":{"background-color":"","background-image":"","background-repeat":"repeat","background-position":"center center","background-size":"auto","background-attachment":"scroll","background-type":"","background-media":"","overlay-type":"","overlay-color":"","overlay-opacity":"","overlay-gradient":""},"tablet":{"background-color":"","background-image":"","background-repeat":"repeat","background-position":"center center","background-size":"auto","background-attachment":"scroll","background-type":"","background-media":"","overlay-type":"","overlay-color":"","overlay-opacity":"","overlay-gradient":""},"mobile":{"background-color":"","background-image":"","background-repeat":"repeat","background-position":"center center","background-size":"auto","background-attachment":"scroll","background-type":"","background-media":"","overlay-type":"","overlay-color":"","overlay-opacity":"","overlay-gradient":""}},"ast-content-background-meta":{"desktop":{"background-color":"var(--ast-global-color-5)","background-image":"","background-repeat":"repeat","background-position":"center center","background-size":"auto","background-attachment":"scroll","background-type":"","background-media":"","overlay-type":"","overlay-color":"","overlay-opacity":"","overlay-gradient":""},"tablet":{"background-color":"var(--ast-global-color-5)","background-image":"","background-repeat":"repeat","background-position":"center center","background-size":"auto","background-attachment":"scroll","background-type":"","background-media":"","overlay-type":"","overlay-color":"","overlay-opacity":"","overlay-gradient":""},"mobile":{"background-color":"var(--ast-global-color-5)","background-image":"","background-repeat":"repeat","background-position":"center center","background-size":"auto","background-attachment":"scroll","background-type":"","background-media":"","overlay-type":"","overlay-color":"","overlay-opacity":"","overlay-gradient":""}},"footnotes":""},"class_list":["post-1623","page","type-page","status-publish","hentry"],"uagb_featured_image_src":{"full":false,"thumbnail":false,"medium":false,"medium_large":false,"large":false,"1536x1536":false,"2048x2048":false,"woocommerce_thumbnail":false,"woocommerce_single":false,"woocommerce_gallery_thumbnail":false},"uagb_author_info":{"display_name":"andrea.cortes85","author_link":"https:\/\/andreacortes.com\/ca\/author\/andrea-cortes85\/"},"uagb_comment_info":0,"uagb_excerpt":"Un dia complet en una masia envoltada de boscos on aprendr\u00e0s les t\u00e8cniques de talla amb la destral, el ganivet recte i la legra o buidador per donar forma a la fusta. Partirem d&#8217;un tronc de fusta en cru i l&#8217;especejarem manualment per despr\u00e9s donar-li forma amb cadascuna de les eines. La cullera nom\u00e9s \u00e9s&hellip;","_links":{"self":[{"href":"https:\/\/andreacortes.com\/ca\/wp-json\/wp\/v2\/pages\/1623","targetHints":{"allow":["GET"]}}],"collection":[{"href":"https:\/\/andreacortes.com\/ca\/wp-json\/wp\/v2\/pages"}],"about":[{"href":"https:\/\/andreacortes.com\/ca\/wp-json\/wp\/v2\/types\/page"}],"author":[{"embeddable":true,"href":"https:\/\/andreacortes.com\/ca\/wp-json\/wp\/v2\/users\/1"}],"replies":[{"embeddable":true,"href":"https:\/\/andreacortes.com\/ca\/wp-json\/wp\/v2\/comments?post=1623"}],"version-history":[{"count":7,"href":"https:\/\/andreacortes.com\/ca\/wp-json\/wp\/v2\/pages\/1623\/revisions"}],"predecessor-version":[{"id":2070,"href":"https:\/\/andreacortes.com\/ca\/wp-json\/wp\/v2\/pages\/1623\/revisions\/2070"}],"wp:attachment":[{"href":"https:\/\/andreacortes.com\/ca\/wp-json\/wp\/v2\/media?parent=1623"}],"curies":[{"name":"wp","href":"https:\/\/api.w.org\/{rel}","templated":true}]}}