{"id":1683,"date":"2024-11-17T20:37:06","date_gmt":"2024-11-17T20:37:06","guid":{"rendered":"https:\/\/andreacortes.com\/fabrica-una-mula-de-talla\/"},"modified":"2025-03-19T14:48:07","modified_gmt":"2025-03-19T14:48:07","slug":"fabrica-una-mula-de-talla","status":"publish","type":"page","link":"https:\/\/andreacortes.com\/ca\/fabrica-una-mula-de-talla\/","title":{"rendered":"Fabrica una Mula de Talla"},"content":{"rendered":"\n<section class=\"wp-block-uagb-columns uagb-columns__wrap uagb-columns__background-none uagb-columns__stack-mobile uagb-columns__valign- uagb-columns__gap-10 align uagb-block-6c557d50 uagb-columns__columns-2 uagb-columns__max_width-theme\"><div class=\"uagb-columns__overlay\"><\/div><div class=\"uagb-columns__inner-wrap uagb-columns__columns-2\">\n<div class=\"wp-block-uagb-column uagb-column__wrap uagb-column__background-undefined uagb-block-be524d89\"><div class=\"uagb-column__overlay\"><\/div>\n<figure class=\"wp-block-image size-large\"><img loading=\"lazy\" decoding=\"async\" width=\"1024\" height=\"1024\" src=\"https:\/\/andreacortes.com\/wp-content\/uploads\/2024\/09\/curso-mula-de-talla-1024x1024.jpg\" alt=\"\" class=\"wp-image-1320\" srcset=\"https:\/\/andreacortes.com\/wp-content\/uploads\/2024\/09\/curso-mula-de-talla-1024x1024.jpg 1024w, https:\/\/andreacortes.com\/wp-content\/uploads\/2024\/09\/curso-mula-de-talla-300x300.jpg 300w, https:\/\/andreacortes.com\/wp-content\/uploads\/2024\/09\/curso-mula-de-talla-150x150.jpg 150w, https:\/\/andreacortes.com\/wp-content\/uploads\/2024\/09\/curso-mula-de-talla-768x768.jpg 768w, https:\/\/andreacortes.com\/wp-content\/uploads\/2024\/09\/curso-mula-de-talla-600x600.jpg 600w, https:\/\/andreacortes.com\/wp-content\/uploads\/2024\/09\/curso-mula-de-talla-100x100.jpg 100w, https:\/\/andreacortes.com\/wp-content\/uploads\/2024\/09\/curso-mula-de-talla.jpg 1200w\" sizes=\"auto, (max-width: 1024px) 100vw, 1024px\" \/><\/figure>\n\n\n\n<p><\/p>\n\n\n\n<p>En aquest curs fabricar\u00e0s la teva pr\u00f2pia mula de talla desmuntable de fusta de pi.<\/p>\n\n\n\n<p>Adaptarem el disseny de mula de Keith Harrison per ajustar-lo a la mida i necessitats de cadasc\u00fa.<\/p>\n\n\n\n<p>El curs \u00e9s un dia complet amb una hora de pausa per dinar. El dinar no est\u00e0 incl\u00f2s. <\/p>\n\n\n\n<p>Algunes de les peces ja estaran preparades perqu\u00e8 et puguis emportar la mula a casa en un sol dia.<\/p>\n\n\n\n<p><strong>Preu:<\/strong> 250\u20ac<\/p>\n\n\n\n<p><strong>Durada:<\/strong> 8 hores<\/p>\n\n\n\n<p><strong>Capacitat<\/strong>: 3 persones<\/p>\n\n\n\n<p><strong>Lloc:<\/strong> Rafael Casanova 10. Sta Perp\u00e8tua de Mogoda <\/p>\n<\/div>\n\n\n\n<div class=\"wp-block-uagb-column uagb-column__wrap uagb-column__background-undefined uagb-block-96294358\"><div class=\"uagb-column__overlay\"><\/div>\n<figure class=\"wp-block-image size-full\"><img loading=\"lazy\" decoding=\"async\" width=\"700\" height=\"832\" src=\"https:\/\/andreacortes.com\/wp-content\/uploads\/2024\/11\/mula-de-talla-Keith-Harrison.jpg\" alt=\"\" class=\"wp-image-1668\" srcset=\"https:\/\/andreacortes.com\/wp-content\/uploads\/2024\/11\/mula-de-talla-Keith-Harrison.jpg 700w, https:\/\/andreacortes.com\/wp-content\/uploads\/2024\/11\/mula-de-talla-Keith-Harrison-252x300.jpg 252w, https:\/\/andreacortes.com\/wp-content\/uploads\/2024\/11\/mula-de-talla-Keith-Harrison-300x357.jpg 300w, https:\/\/andreacortes.com\/wp-content\/uploads\/2024\/11\/mula-de-talla-Keith-Harrison-600x713.jpg 600w\" sizes=\"auto, (max-width: 700px) 100vw, 700px\" \/><\/figure>\n\n\n\n<p><\/p>\n\n\n\n<p>Click sobre la data per reservar la teva pla\u00e7a<\/p>\n\n\n\n<p>Pots <strong>pagar nom\u00e9s el 30% del preu<\/strong> per reservar la teva pla\u00e7a fent servir el codi <strong>RESERVA<\/strong> en el proc\u00e9s de compra i pagar el 70% restant el dia del curs.<\/p>\n\n\n\n<div class=\"wp-block-amelia-events-gutenberg-block\">[ameliaevents tag=&#8221;mulq&#8221; type=&#8221;list&#8221;]<\/div>\n<\/div>\n<\/div><\/section>\n\n<p><\/p>\n","protected":false},"excerpt":{"rendered":"<p>En aquest curs fabricar\u00e0s la teva pr\u00f2pia mula de talla desmuntable de fusta de pi. Adaptarem el disseny de mula de Keith Harrison per ajustar-lo a la mida i necessitats de cadasc\u00fa. El curs \u00e9s un dia complet amb una hora de pausa per dinar. El dinar no est\u00e0 incl\u00f2s. Algunes de les peces ja [&hellip;]<\/p>\n","protected":false},"author":1,"featured_media":0,"parent":0,"menu_order":0,"comment_status":"closed","ping_status":"closed","template":"","meta":{"_uag_custom_page_level_css":"","site-sidebar-layout":"default","site-content-layout":"","ast-site-content-layout":"default","site-content-style":"default","site-sidebar-style":"default","ast-global-header-display":"","ast-banner-title-visibility":"","ast-main-header-display":"","ast-hfb-above-header-display":"","ast-hfb-below-header-display":"","ast-hfb-mobile-header-display":"","site-post-title":"","ast-breadcrumbs-content":"","ast-featured-img":"","footer-sml-layout":"","ast-disable-related-posts":"","theme-transparent-header-meta":"","adv-header-id-meta":"","stick-header-meta":"","header-above-stick-meta":"","header-main-stick-meta":"","header-below-stick-meta":"","astra-migrate-meta-layouts":"default","ast-page-background-enabled":"default","ast-page-background-meta":{"desktop":{"background-color":"","background-image":"","background-repeat":"repeat","background-position":"center center","background-size":"auto","background-attachment":"scroll","background-type":"","background-media":"","overlay-type":"","overlay-color":"","overlay-opacity":"","overlay-gradient":""},"tablet":{"background-color":"","background-image":"","background-repeat":"repeat","background-position":"center center","background-size":"auto","background-attachment":"scroll","background-type":"","background-media":"","overlay-type":"","overlay-color":"","overlay-opacity":"","overlay-gradient":""},"mobile":{"background-color":"","background-image":"","background-repeat":"repeat","background-position":"center center","background-size":"auto","background-attachment":"scroll","background-type":"","background-media":"","overlay-type":"","overlay-color":"","overlay-opacity":"","overlay-gradient":""}},"ast-content-background-meta":{"desktop":{"background-color":"var(--ast-global-color-5)","background-image":"","background-repeat":"repeat","background-position":"center center","background-size":"auto","background-attachment":"scroll","background-type":"","background-media":"","overlay-type":"","overlay-color":"","overlay-opacity":"","overlay-gradient":""},"tablet":{"background-color":"var(--ast-global-color-5)","background-image":"","background-repeat":"repeat","background-position":"center center","background-size":"auto","background-attachment":"scroll","background-type":"","background-media":"","overlay-type":"","overlay-color":"","overlay-opacity":"","overlay-gradient":""},"mobile":{"background-color":"var(--ast-global-color-5)","background-image":"","background-repeat":"repeat","background-position":"center center","background-size":"auto","background-attachment":"scroll","background-type":"","background-media":"","overlay-type":"","overlay-color":"","overlay-opacity":"","overlay-gradient":""}},"footnotes":""},"class_list":["post-1683","page","type-page","status-publish","hentry"],"uagb_featured_image_src":{"full":false,"thumbnail":false,"medium":false,"medium_large":false,"large":false,"1536x1536":false,"2048x2048":false,"woocommerce_thumbnail":false,"woocommerce_single":false,"woocommerce_gallery_thumbnail":false},"uagb_author_info":{"display_name":"andrea.cortes85","author_link":"https:\/\/andreacortes.com\/ca\/author\/andrea-cortes85\/"},"uagb_comment_info":0,"uagb_excerpt":"En aquest curs fabricar\u00e0s la teva pr\u00f2pia mula de talla desmuntable de fusta de pi. Adaptarem el disseny de mula de Keith Harrison per ajustar-lo a la mida i necessitats de cadasc\u00fa. El curs \u00e9s un dia complet amb una hora de pausa per dinar. El dinar no est\u00e0 incl\u00f2s. Algunes de les peces ja&hellip;","_links":{"self":[{"href":"https:\/\/andreacortes.com\/ca\/wp-json\/wp\/v2\/pages\/1683","targetHints":{"allow":["GET"]}}],"collection":[{"href":"https:\/\/andreacortes.com\/ca\/wp-json\/wp\/v2\/pages"}],"about":[{"href":"https:\/\/andreacortes.com\/ca\/wp-json\/wp\/v2\/types\/page"}],"author":[{"embeddable":true,"href":"https:\/\/andreacortes.com\/ca\/wp-json\/wp\/v2\/users\/1"}],"replies":[{"embeddable":true,"href":"https:\/\/andreacortes.com\/ca\/wp-json\/wp\/v2\/comments?post=1683"}],"version-history":[{"count":3,"href":"https:\/\/andreacortes.com\/ca\/wp-json\/wp\/v2\/pages\/1683\/revisions"}],"predecessor-version":[{"id":2023,"href":"https:\/\/andreacortes.com\/ca\/wp-json\/wp\/v2\/pages\/1683\/revisions\/2023"}],"wp:attachment":[{"href":"https:\/\/andreacortes.com\/ca\/wp-json\/wp\/v2\/media?parent=1683"}],"curies":[{"name":"wp","href":"https:\/\/api.w.org\/{rel}","templated":true}]}}