{"id":1999,"date":"2025-01-31T14:17:04","date_gmt":"2025-01-31T14:17:04","guid":{"rendered":"https:\/\/andreacortes.com\/curs-tamboret-baix\/"},"modified":"2025-01-31T14:17:04","modified_gmt":"2025-01-31T14:17:04","slug":"curs-tamboret-baix","status":"publish","type":"page","link":"https:\/\/andreacortes.com\/ca\/curs-tamboret-baix\/","title":{"rendered":"Curs Tamboret Baix"},"content":{"rendered":"\n<div class=\"wp-block-uagb-container uagb-block-05319e3a alignfull uagb-is-root-container\"><div class=\"uagb-container-inner-blocks-wrap\">\n<div class=\"wp-block-uagb-container uagb-block-8a6a69b3\">\n<figure class=\"wp-block-image size-full\"><img loading=\"lazy\" decoding=\"async\" width=\"1000\" height=\"668\" src=\"https:\/\/andreacortes.com\/wp-content\/uploads\/2023\/02\/taburete-1.jpg\" alt=\"\" class=\"wp-image-736\" srcset=\"https:\/\/andreacortes.com\/wp-content\/uploads\/2023\/02\/taburete-1.jpg 1000w, https:\/\/andreacortes.com\/wp-content\/uploads\/2023\/02\/taburete-1-300x200.jpg 300w, https:\/\/andreacortes.com\/wp-content\/uploads\/2023\/02\/taburete-1-768x513.jpg 768w, https:\/\/andreacortes.com\/wp-content\/uploads\/2023\/02\/taburete-1-600x401.jpg 600w\" sizes=\"auto, (max-width: 1000px) 100vw, 1000px\" \/><\/figure>\n<\/div>\n\n\n\n<div class=\"wp-block-uagb-container uagb-block-f02329c9\">\n<p style=\"margin-top:0px;margin-bottom:0px\">Fabrica un tamboret baix de tres potes fent servir eines manuals especialitzades i fusta de Cirerer dels Pirineus.<\/p>\n\n\n\n<p style=\"margin-top:0px;margin-bottom:0px\">El disseny d&#8217;aquest tamboret est\u00e0 basat en el Milking Stool de <strong>Bibbings &amp; Hensby<\/strong>. Pots trobar els <a href=\"https:\/\/www.bibbings-hensby.co.uk\/product-page\/plans-milking-stool\" target=\"_blank\" rel=\"noreferrer noopener\">pl\u00e0nols gratu\u00efts a la seva web<\/a>. <\/p>\n\n\n\n<p style=\"margin-top:0px;margin-bottom:0px\">Donar\u00e0s forma a les potes fent servir una mula de talla i unir\u00e0s les potes al seient amb les unions de caixa i espiga c\u00f2nica amb falca.<\/p>\n\n\n\n<p style=\"margin-top:0px;margin-bottom:0px\">El curs inclou tot el que necessites per fabricar el tamboret i emportar-te&#8217;l acabat a casa.<\/p>\n\n\n\n<p style=\"margin-top:0px;margin-bottom:0px\"><strong>Durada<\/strong>: 8 hores<\/p>\n\n\n\n<p style=\"margin-top:0px;margin-bottom:0px\"><strong>Lloc<\/strong>: Carrer Rafael Casanova 10. Santa Perpetua de Mogoda. <\/p>\n\n\n\n<p style=\"margin-top:0px;margin-bottom:0px\"><strong>Preu<\/strong>: 200\u20ac IVA incl.<\/p>\n<\/div>\n<\/div><\/div>\n\n<div class=\"wp-block-uagb-container uagb-block-d6651edb alignfull uagb-is-root-container\"><div class=\"uagb-container-inner-blocks-wrap\">\n<div class=\"wp-block-uagb-container uagb-block-8a602ed2\">\n<div class=\"wp-block-uagb-advanced-heading uagb-block-ece7aac7\"><h3 class=\"uagb-heading-text\"><strong>Properes dates<\/strong><\/h3><div class=\"uagb-separator\"><\/div><\/div>\n\n\n\n<p style=\"margin-top:0px;margin-bottom:0px\">Pots <strong>pagar nom\u00e9s el 30% del preu<\/strong> per reservar la teva pla\u00e7a fent servir el codi <strong>RESERVA<\/strong> en el proc\u00e9s de compra i pagar el 70% restant el dia del curs.<\/p>\n\n\n\n<div class=\"wp-block-amelia-events-list-booking-gutenberg-block\">[ameliaeventslistbooking tag=&#8221;{bajo}&#8221;]<\/div>\n<\/div>\n\n\n\n<div class=\"wp-block-uagb-container uagb-block-7a39c330\">\n<div class=\"wp-block-uagb-image uagb-block-e63427c8 wp-block-uagb-image--layout-default wp-block-uagb-image--effect-static wp-block-uagb-image--align-none\"><figure class=\"wp-block-uagb-image__figure\"><img decoding=\"async\" srcset=\"https:\/\/andreacortes.com\/wp-content\/uploads\/2023\/02\/taburete-3.jpg ,https:\/\/andreacortes.com\/wp-content\/uploads\/2023\/02\/taburete-3.jpg 780w, https:\/\/andreacortes.com\/wp-content\/uploads\/2023\/02\/taburete-3.jpg 360w\" sizes=\"auto, (max-width: 480px) 150px\" src=\"https:\/\/andreacortes.com\/wp-content\/uploads\/2023\/02\/taburete-3.jpg\" alt=\"\" class=\"uag-image-742\" width=\"1000\" height=\"668\" title=\"taburete 3\" loading=\"lazy\" role=\"img\"><\/figure><\/div>\n<\/div>\n<\/div><\/div>\n\n<div class=\"wp-block-uagb-advanced-heading uagb-block-a6baba1e\"><h3 class=\"uagb-heading-text\"><strong>Preguntes Freq\u00fcents<\/strong><\/h3><div class=\"uagb-separator\"><\/div><\/div>\n\n<div class=\"wp-block-uagb-advanced-heading uagb-block-0a468553\"><h4 class=\"uagb-heading-text\">Necessito experi\u00e8ncia?<\/h4><\/div>\n\n<p>No necessites experi\u00e8ncia per fer aquest curs.<\/p>\n\n<div class=\"wp-block-uagb-advanced-heading uagb-block-425973f9\"><h4 class=\"uagb-heading-text\">He de portar alguna cosa?<\/h4><\/div>\n\n<p>No cal que portis res, encara que si tens eines pr\u00f2pies que prefereixes fer servir pots portar-les. Recordeu que han d&#8217;estar esmolades perqu\u00e8 no tindrem temps d&#8217;esmolar. <\/p>\n\n<div class=\"wp-block-uagb-advanced-heading uagb-block-763cb523\"><h4 class=\"uagb-heading-text\">El dinar est\u00e0 incl\u00f2s?<\/h4><\/div>\n\n<p>No est\u00e0 incl\u00f2s.\nUn cop tancat el grup, ens posarem d&#8217;acord per dinar plegats.  Podem anar a un restaurant o portar un t\u00e0per de casa.<\/p>\n\n<div class=\"wp-block-uagb-advanced-heading uagb-block-4bbbd19b\"><h4 class=\"uagb-heading-text\">Com s&#8217;arriba a Santa Perp\u00e8tua de Mogoda?<\/h4><\/div>\n\n<p>Amb transport p\u00fablic des de Barcelona, amb Autobus (201 o e11) des de La Sagrera \/ Meridiana. O a Rodalies R2 des de Passeig de Gr\u00e0cia fins a la parada La Llagosta on et puc recollir. <\/p>\n\n<p>Amb cotxe es triga 20-30 minuts des de Barcelona per la C-33. Hi ha zones gratu\u00eftes de p\u00e0rquing a prop del taller. <\/p>\n\n<div class=\"wp-block-uagb-advanced-heading uagb-block-e1045f4e\"><h4 class=\"uagb-heading-text\">Quin idioma \u00e9s el curs?<\/h4><\/div>\n\n<p>S\u00f3c biling\u00fce Castell\u00e0 \/ Angl\u00e8s. Entenc el Catal\u00e0 per\u00f2 no ho parlo gaire b\u00e9. M&#8217;adapto a les necessitats de cada grup. <\/p>\n","protected":false},"excerpt":{"rendered":"<p>Fabrica un tamboret baix de tres potes fent servir eines manuals especialitzades i fusta de Cirerer dels Pirineus. El disseny d&#8217;aquest tamboret est\u00e0 basat en el Milking Stool de Bibbings &amp; Hensby. Pots trobar els pl\u00e0nols gratu\u00efts a la seva web. Donar\u00e0s forma a les potes fent servir una mula de talla i unir\u00e0s les [&hellip;]<\/p>\n","protected":false},"author":1,"featured_media":0,"parent":0,"menu_order":0,"comment_status":"closed","ping_status":"closed","template":"","meta":{"_uag_custom_page_level_css":"","site-sidebar-layout":"default","site-content-layout":"","ast-site-content-layout":"default","site-content-style":"default","site-sidebar-style":"default","ast-global-header-display":"","ast-banner-title-visibility":"","ast-main-header-display":"","ast-hfb-above-header-display":"","ast-hfb-below-header-display":"","ast-hfb-mobile-header-display":"","site-post-title":"","ast-breadcrumbs-content":"","ast-featured-img":"","footer-sml-layout":"","ast-disable-related-posts":"","theme-transparent-header-meta":"","adv-header-id-meta":"","stick-header-meta":"","header-above-stick-meta":"","header-main-stick-meta":"","header-below-stick-meta":"","astra-migrate-meta-layouts":"default","ast-page-background-enabled":"default","ast-page-background-meta":{"desktop":{"background-color":"","background-image":"","background-repeat":"repeat","background-position":"center center","background-size":"auto","background-attachment":"scroll","background-type":"","background-media":"","overlay-type":"","overlay-color":"","overlay-opacity":"","overlay-gradient":""},"tablet":{"background-color":"","background-image":"","background-repeat":"repeat","background-position":"center center","background-size":"auto","background-attachment":"scroll","background-type":"","background-media":"","overlay-type":"","overlay-color":"","overlay-opacity":"","overlay-gradient":""},"mobile":{"background-color":"","background-image":"","background-repeat":"repeat","background-position":"center center","background-size":"auto","background-attachment":"scroll","background-type":"","background-media":"","overlay-type":"","overlay-color":"","overlay-opacity":"","overlay-gradient":""}},"ast-content-background-meta":{"desktop":{"background-color":"var(--ast-global-color-5)","background-image":"","background-repeat":"repeat","background-position":"center center","background-size":"auto","background-attachment":"scroll","background-type":"","background-media":"","overlay-type":"","overlay-color":"","overlay-opacity":"","overlay-gradient":""},"tablet":{"background-color":"var(--ast-global-color-5)","background-image":"","background-repeat":"repeat","background-position":"center center","background-size":"auto","background-attachment":"scroll","background-type":"","background-media":"","overlay-type":"","overlay-color":"","overlay-opacity":"","overlay-gradient":""},"mobile":{"background-color":"var(--ast-global-color-5)","background-image":"","background-repeat":"repeat","background-position":"center center","background-size":"auto","background-attachment":"scroll","background-type":"","background-media":"","overlay-type":"","overlay-color":"","overlay-opacity":"","overlay-gradient":""}},"footnotes":""},"class_list":["post-1999","page","type-page","status-publish","hentry"],"uagb_featured_image_src":{"full":false,"thumbnail":false,"medium":false,"medium_large":false,"large":false,"1536x1536":false,"2048x2048":false,"woocommerce_thumbnail":false,"woocommerce_single":false,"woocommerce_gallery_thumbnail":false},"uagb_author_info":{"display_name":"andrea.cortes85","author_link":"https:\/\/andreacortes.com\/ca\/author\/andrea-cortes85\/"},"uagb_comment_info":0,"uagb_excerpt":"Fabrica un tamboret baix de tres potes fent servir eines manuals especialitzades i fusta de Cirerer dels Pirineus. El disseny d&#8217;aquest tamboret est\u00e0 basat en el Milking Stool de Bibbings &amp; Hensby. Pots trobar els pl\u00e0nols gratu\u00efts a la seva web. Donar\u00e0s forma a les potes fent servir una mula de talla i unir\u00e0s les&hellip;","_links":{"self":[{"href":"https:\/\/andreacortes.com\/ca\/wp-json\/wp\/v2\/pages\/1999","targetHints":{"allow":["GET"]}}],"collection":[{"href":"https:\/\/andreacortes.com\/ca\/wp-json\/wp\/v2\/pages"}],"about":[{"href":"https:\/\/andreacortes.com\/ca\/wp-json\/wp\/v2\/types\/page"}],"author":[{"embeddable":true,"href":"https:\/\/andreacortes.com\/ca\/wp-json\/wp\/v2\/users\/1"}],"replies":[{"embeddable":true,"href":"https:\/\/andreacortes.com\/ca\/wp-json\/wp\/v2\/comments?post=1999"}],"version-history":[{"count":1,"href":"https:\/\/andreacortes.com\/ca\/wp-json\/wp\/v2\/pages\/1999\/revisions"}],"predecessor-version":[{"id":2000,"href":"https:\/\/andreacortes.com\/ca\/wp-json\/wp\/v2\/pages\/1999\/revisions\/2000"}],"wp:attachment":[{"href":"https:\/\/andreacortes.com\/ca\/wp-json\/wp\/v2\/media?parent=1999"}],"curies":[{"name":"wp","href":"https:\/\/api.w.org\/{rel}","templated":true}]}}