{"id":2149,"date":"2025-08-31T14:39:56","date_gmt":"2025-08-31T14:39:56","guid":{"rendered":"https:\/\/andreacortes.com\/spoon-club-barcelona\/"},"modified":"2025-10-14T09:23:10","modified_gmt":"2025-10-14T09:23:10","slug":"spoon-club-barcelona","status":"publish","type":"page","link":"https:\/\/andreacortes.com\/ca\/spoon-club-barcelona\/","title":{"rendered":"Spoon Club Barcelona"},"content":{"rendered":"\n<div class=\"wp-block-uagb-container uagb-block-5165eba9 alignfull uagb-is-root-container\"><div class=\"uagb-container-inner-blocks-wrap\">\n<div class=\"wp-block-uagb-container uagb-block-66e33876\">\n<figure class=\"wp-block-image size-large\"><img loading=\"lazy\" decoding=\"async\" width=\"576\" height=\"1024\" src=\"https:\/\/andreacortes.com\/wp-content\/uploads\/2025\/08\/Untitled-design.png-576x1024.png\" alt=\"\" class=\"wp-image-2121\" style=\"aspect-ratio:9\/16;object-fit:cover\" srcset=\"https:\/\/andreacortes.com\/wp-content\/uploads\/2025\/08\/Untitled-design.png-576x1024.png 576w, https:\/\/andreacortes.com\/wp-content\/uploads\/2025\/08\/Untitled-design.png-169x300.png 169w, https:\/\/andreacortes.com\/wp-content\/uploads\/2025\/08\/Untitled-design.png-768x1365.png 768w, https:\/\/andreacortes.com\/wp-content\/uploads\/2025\/08\/Untitled-design.png-864x1536.png 864w, https:\/\/andreacortes.com\/wp-content\/uploads\/2025\/08\/Untitled-design.png-300x533.png 300w, https:\/\/andreacortes.com\/wp-content\/uploads\/2025\/08\/Untitled-design.png-600x1067.png 600w, https:\/\/andreacortes.com\/wp-content\/uploads\/2025\/08\/Untitled-design.png.png 1080w\" sizes=\"auto, (max-width: 576px) 100vw, 576px\" \/><\/figure>\n<\/div>\n\n\n\n<div class=\"wp-block-uagb-container noshow uagb-block-f47cca1a\">\n<h2 class=\"wp-block-heading\">Spoon Club Barcelona<\/h2>\n\n\n\n<p style=\"margin-top:0;margin-bottom:0;padding-top:0;padding-bottom:0\">L&#8217;Spoon Club \u00e9s una comunitat de <strong>Talla de Culleres<\/strong> que es reuneix espor\u00e0dicament per tallar a diferents llocs de Barcelona ciutat i els voltants.<\/p>\n\n\n\n<p style=\"margin-top:0;margin-bottom:0;padding-top:0;padding-bottom:0\">\u00c9s un projecte sense \u00e0nim de lucre, que neix nom\u00e9s amb l&#8217;objectiu de compartir la nostra afici\u00f3, promoure&#8217;n la talla i divertir-nos.<\/p>\n\n\n\n<p style=\"margin-top:0;margin-bottom:0\">Si vols fer part de la comunitat, omple el seg\u00fcent formulari:<\/p>\n\n\n\n<div class=\"wp-block-uagb-buttons uagb-buttons__outer-wrap uagb-btn__default-btn uagb-btn-tablet__default-btn uagb-btn-mobile__default-btn uagb-block-fa740513\"><div class=\"uagb-buttons__wrap uagb-buttons-layout-wrap \">\n<div class=\"wp-block-uagb-buttons-child uagb-buttons__outer-wrap uagb-block-36628294 wp-block-button\"><div class=\"uagb-button__wrapper\"><a class=\"uagb-buttons-repeater wp-block-button__link\" aria-label=\"\" href=\"https:\/\/docs.google.com\/forms\/d\/e\/1FAIpQLSe6dVtsv_TF1StbXY_Ju6KSpc1Q8dBEVWJv1rk4yOd3cuHLMA\/viewform?usp=header\" rel=\"follow noopener\" target=\"_blank\" role=\"button\"><div class=\"uagb-button__link\">m&#8217;hi apunto<\/div><\/a><\/div><\/div>\n<\/div><\/div>\n\n\n\n<p style=\"margin-top:0;margin-bottom:0\"><strong>Les quedades NO S\u00d3N CURSOS, heu de tenir experi\u00e8ncia i portar les vostres pr\u00f2pies eines.<\/strong><\/p>\n\n\n\n<h4 class=\"wp-block-heading\" style=\"margin-top:0px;margin-bottom:0px;padding-top:30px;padding-bottom:0px\">Proper esdeveniment:<\/h4>\n\n\n\n<p style=\"margin-bottom:0px\">Diumenge 2 de novembre. 10h a 13h. Jard\u00ed de l\u00b4estaci\u00f3 de Mag\u00f2ria  <\/p>\n\n\n\n<p>ENTRADA LLIURE &#8211; ACOMPANYANTS BENVINGUTS<\/p>\n<\/div>\n<\/div><\/div>\n\n<p><\/p>\n","protected":false},"excerpt":{"rendered":"<p>Spoon Club Barcelona L&#8217;Spoon Club \u00e9s una comunitat de Talla de Culleres que es reuneix espor\u00e0dicament per tallar a diferents llocs de Barcelona ciutat i els voltants. \u00c9s un projecte sense \u00e0nim de lucre, que neix nom\u00e9s amb l&#8217;objectiu de compartir la nostra afici\u00f3, promoure&#8217;n la talla i divertir-nos. Si vols fer part de la [&hellip;]<\/p>\n","protected":false},"author":1,"featured_media":0,"parent":0,"menu_order":0,"comment_status":"closed","ping_status":"closed","template":"","meta":{"_uag_custom_page_level_css":"","site-sidebar-layout":"default","site-content-layout":"","ast-site-content-layout":"default","site-content-style":"default","site-sidebar-style":"default","ast-global-header-display":"","ast-banner-title-visibility":"","ast-main-header-display":"","ast-hfb-above-header-display":"","ast-hfb-below-header-display":"","ast-hfb-mobile-header-display":"","site-post-title":"disabled","ast-breadcrumbs-content":"","ast-featured-img":"","footer-sml-layout":"","ast-disable-related-posts":"","theme-transparent-header-meta":"","adv-header-id-meta":"","stick-header-meta":"","header-above-stick-meta":"","header-main-stick-meta":"","header-below-stick-meta":"","astra-migrate-meta-layouts":"default","ast-page-background-enabled":"default","ast-page-background-meta":{"desktop":{"background-color":"","background-image":"","background-repeat":"repeat","background-position":"center center","background-size":"auto","background-attachment":"scroll","background-type":"","background-media":"","overlay-type":"","overlay-color":"","overlay-opacity":"","overlay-gradient":""},"tablet":{"background-color":"","background-image":"","background-repeat":"repeat","background-position":"center center","background-size":"auto","background-attachment":"scroll","background-type":"","background-media":"","overlay-type":"","overlay-color":"","overlay-opacity":"","overlay-gradient":""},"mobile":{"background-color":"","background-image":"","background-repeat":"repeat","background-position":"center center","background-size":"auto","background-attachment":"scroll","background-type":"","background-media":"","overlay-type":"","overlay-color":"","overlay-opacity":"","overlay-gradient":""}},"ast-content-background-meta":{"desktop":{"background-color":"var(--ast-global-color-5)","background-image":"","background-repeat":"repeat","background-position":"center center","background-size":"auto","background-attachment":"scroll","background-type":"","background-media":"","overlay-type":"","overlay-color":"","overlay-opacity":"","overlay-gradient":""},"tablet":{"background-color":"var(--ast-global-color-5)","background-image":"","background-repeat":"repeat","background-position":"center center","background-size":"auto","background-attachment":"scroll","background-type":"","background-media":"","overlay-type":"","overlay-color":"","overlay-opacity":"","overlay-gradient":""},"mobile":{"background-color":"var(--ast-global-color-5)","background-image":"","background-repeat":"repeat","background-position":"center center","background-size":"auto","background-attachment":"scroll","background-type":"","background-media":"","overlay-type":"","overlay-color":"","overlay-opacity":"","overlay-gradient":""}},"footnotes":""},"class_list":["post-2149","page","type-page","status-publish","hentry"],"uagb_featured_image_src":{"full":false,"thumbnail":false,"medium":false,"medium_large":false,"large":false,"1536x1536":false,"2048x2048":false,"woocommerce_thumbnail":false,"woocommerce_single":false,"woocommerce_gallery_thumbnail":false},"uagb_author_info":{"display_name":"andrea.cortes85","author_link":"https:\/\/andreacortes.com\/ca\/author\/andrea-cortes85\/"},"uagb_comment_info":0,"uagb_excerpt":"Spoon Club Barcelona L&#8217;Spoon Club \u00e9s una comunitat de Talla de Culleres que es reuneix espor\u00e0dicament per tallar a diferents llocs de Barcelona ciutat i els voltants. \u00c9s un projecte sense \u00e0nim de lucre, que neix nom\u00e9s amb l&#8217;objectiu de compartir la nostra afici\u00f3, promoure&#8217;n la talla i divertir-nos. Si vols fer part de la&hellip;","_links":{"self":[{"href":"https:\/\/andreacortes.com\/ca\/wp-json\/wp\/v2\/pages\/2149","targetHints":{"allow":["GET"]}}],"collection":[{"href":"https:\/\/andreacortes.com\/ca\/wp-json\/wp\/v2\/pages"}],"about":[{"href":"https:\/\/andreacortes.com\/ca\/wp-json\/wp\/v2\/types\/page"}],"author":[{"embeddable":true,"href":"https:\/\/andreacortes.com\/ca\/wp-json\/wp\/v2\/users\/1"}],"replies":[{"embeddable":true,"href":"https:\/\/andreacortes.com\/ca\/wp-json\/wp\/v2\/comments?post=2149"}],"version-history":[{"count":4,"href":"https:\/\/andreacortes.com\/ca\/wp-json\/wp\/v2\/pages\/2149\/revisions"}],"predecessor-version":[{"id":2210,"href":"https:\/\/andreacortes.com\/ca\/wp-json\/wp\/v2\/pages\/2149\/revisions\/2210"}],"wp:attachment":[{"href":"https:\/\/andreacortes.com\/ca\/wp-json\/wp\/v2\/media?parent=2149"}],"curies":[{"name":"wp","href":"https:\/\/api.w.org\/{rel}","templated":true}]}}