{"id":816,"date":"2023-09-10T22:52:35","date_gmt":"2023-09-10T22:52:35","guid":{"rendered":"https:\/\/andreacortes.com\/courses\/"},"modified":"2025-05-28T16:34:25","modified_gmt":"2025-05-28T16:34:25","slug":"spoon-carving-workshop","status":"publish","type":"page","link":"https:\/\/andreacortes.com\/en\/spoon-carving-workshop\/","title":{"rendered":"Spoon Carving Workshop"},"content":{"rendered":"\n<section class=\"wp-block-uagb-columns uagb-columns__wrap uagb-columns__background-none uagb-columns__stack-mobile uagb-columns__valign- uagb-columns__gap-10 align uagb-block-30f6a810 uagb-columns__columns-2 uagb-columns__max_width-theme\"><div class=\"uagb-columns__overlay\"><\/div><div class=\"uagb-columns__inner-wrap uagb-columns__columns-2\">\n<div class=\"wp-block-uagb-column uagb-column__wrap uagb-column__background-undefined uagb-block-6c720572\"><div class=\"uagb-column__overlay\"><\/div>\n<figure class=\"wp-block-image size-large\"><img loading=\"lazy\" decoding=\"async\" width=\"1024\" height=\"683\" src=\"https:\/\/andreacortes.com\/wp-content\/uploads\/2023\/07\/curso-de-talla-de-cucharas-andrea-cortes-1024x683.jpg\" alt=\"\" class=\"wp-image-778\" srcset=\"https:\/\/andreacortes.com\/wp-content\/uploads\/2023\/07\/curso-de-talla-de-cucharas-andrea-cortes-1024x683.jpg 1024w, https:\/\/andreacortes.com\/wp-content\/uploads\/2023\/07\/curso-de-talla-de-cucharas-andrea-cortes-300x200.jpg 300w, https:\/\/andreacortes.com\/wp-content\/uploads\/2023\/07\/curso-de-talla-de-cucharas-andrea-cortes-768x512.jpg 768w, https:\/\/andreacortes.com\/wp-content\/uploads\/2023\/07\/curso-de-talla-de-cucharas-andrea-cortes-600x400.jpg 600w, https:\/\/andreacortes.com\/wp-content\/uploads\/2023\/07\/curso-de-talla-de-cucharas-andrea-cortes.jpg 1080w\" sizes=\"auto, (max-width: 1024px) 100vw, 1024px\" \/><\/figure>\n\n\n\n<p><\/p>\n\n\n\n<p>There are many ways to make a wooden spoon, this class focuses on Sl\u00f6jd carving techniques and uses only hand tools.<\/p>\n\n\n\n<p>You will learn the basic techniques of carving with the <a rel=\"noreferrer noopener\" href=\"https:\/\/talladecucharas.com\/producto\/cuchillo-de-talla-recto-largo\/\" target=\"_blank\">Sl\u00f6jd knife<\/a> and the <a href=\"https:\/\/talladecucharas.com\/producto\/vaciador-morakniv-para-diestros\/\" target=\"_blank\" rel=\"noreferrer noopener\">Hook Knife<\/a> to shape the wood. <\/p>\n\n\n\n<p>The spoon is just an excuse to delve into the understanding of wood and its anatomy.<\/p>\n\n\n\n<p>If you want to know more about this type of carving, visit my blog: <a rel=\"noreferrer noopener\" href=\"https:\/\/talladecucharas.com\/\" target=\"_blank\">tallerdecucharas.com<\/a><\/p>\n\n\n\n<p><strong>Duration:<\/strong> 4 hours<\/p>\n\n\n\n<p><strong>Location:<\/strong> Different places. See schedule below. <\/p>\n\n\n\n<p><strong>EVERYTHING INCLUDED<\/strong><\/p>\n\n\n\n<p>Click on the date to book your spot<\/p>\n\n\n\n<p>You have the option to <strong>pay only 30% of the price<\/strong> to reserve your place using the code <strong>BOOK<\/strong> during the purchase process and pay the remaining 70% on the day of the course.<\/p>\n\n\n\n<div class=\"wp-block-amelia-events-list-booking-gutenberg-block\">[ameliaeventslistbooking tag=&#8221;{spoons}&#8221;]<\/div>\n<\/div>\n\n\n\n<div class=\"wp-block-uagb-column uagb-column__wrap uagb-column__background-undefined uagb-block-66caaf25\"><div class=\"uagb-column__overlay\"><\/div>\n<figure class=\"wp-block-image size-full\"><img loading=\"lazy\" decoding=\"async\" width=\"1080\" height=\"720\" src=\"https:\/\/andreacortes.com\/wp-content\/uploads\/2023\/07\/spoon-carving-andrea-cortes.jpg\" alt=\"\" class=\"wp-image-781\" srcset=\"https:\/\/andreacortes.com\/wp-content\/uploads\/2023\/07\/spoon-carving-andrea-cortes.jpg 1080w, https:\/\/andreacortes.com\/wp-content\/uploads\/2023\/07\/spoon-carving-andrea-cortes-300x200.jpg 300w, https:\/\/andreacortes.com\/wp-content\/uploads\/2023\/07\/spoon-carving-andrea-cortes-1024x683.jpg 1024w, https:\/\/andreacortes.com\/wp-content\/uploads\/2023\/07\/spoon-carving-andrea-cortes-768x512.jpg 768w, https:\/\/andreacortes.com\/wp-content\/uploads\/2023\/07\/spoon-carving-andrea-cortes-600x400.jpg 600w\" sizes=\"auto, (max-width: 1080px) 100vw, 1080px\" \/><\/figure>\n\n\n\n<div class=\"wp-block-uagb-info-box uagb-block-48ee9411 uagb-infobox__content-wrap  uagb-infobox-icon-left-title uagb-infobox-left uagb-infobox-image-valign-top\"><div class=\"uagb-ifb-content\"><div class=\"uagb-ifb-left-title-image\"><div class=\"uagb-ifb-icon-wrap\"><svg xmlns=\"https:\/\/www.w3.org\/2000\/svg\" viewbox=\"0 0 512 512\"><path d=\"M506.3 417l-213.3-364c-16.33-28-57.54-28-73.98 0l-213.2 364C-10.59 444.9 9.849 480 42.74 480h426.6C502.1 480 522.6 445 506.3 417zM232 168c0-13.25 10.75-24 24-24S280 154.8 280 168v128c0 13.25-10.75 24-23.1 24S232 309.3 232 296V168zM256 416c-17.36 0-31.44-14.08-31.44-31.44c0-17.36 14.07-31.44 31.44-31.44s31.44 14.08 31.44 31.44C287.4 401.9 273.4 416 256 416z\"><\/path><\/svg><\/div><div class=\"uagb-ifb-title-wrap\"><h3 class=\"uagb-ifb-title\">WARNING<\/h3><\/div><\/div><p class=\"uagb-ifb-desc\">The course is not recommended for people who are apprehensive about blood or suffer from hemophilia. <br\/><br\/>It is likely to cut yourself during the course. There are no safety gloves to prevent these types of cuts and we need full sensitivity and touch to correctly learn the techniques.<br\/><br\/>This course requires our full attention, patience and calm mind. <\/p><\/div><\/div>\n\n\n\n<figure class=\"wp-block-image size-full\"><img loading=\"lazy\" decoding=\"async\" width=\"1000\" height=\"667\" src=\"https:\/\/andreacortes.com\/wp-content\/uploads\/2023\/07\/tallar-una-cuchara-con-andrea-cortes.jpg\" alt=\"\" class=\"wp-image-784\" srcset=\"https:\/\/andreacortes.com\/wp-content\/uploads\/2023\/07\/tallar-una-cuchara-con-andrea-cortes.jpg 1000w, https:\/\/andreacortes.com\/wp-content\/uploads\/2023\/07\/tallar-una-cuchara-con-andrea-cortes-300x200.jpg 300w, https:\/\/andreacortes.com\/wp-content\/uploads\/2023\/07\/tallar-una-cuchara-con-andrea-cortes-768x512.jpg 768w, https:\/\/andreacortes.com\/wp-content\/uploads\/2023\/07\/tallar-una-cuchara-con-andrea-cortes-600x400.jpg 600w\" sizes=\"auto, (max-width: 1000px) 100vw, 1000px\" \/><\/figure>\n\n\n\n<div class=\"wp-block-uagb-separator uagb-block-3c8cd988\"><div class=\"uagb-separator-spacing-wrapper\"><div class=\"wp-block-uagb-separator__inner\" style=\"--my-background-image:\"><\/div><\/div><\/div>\n\n\n\n<h2 class=\"wp-block-heading has-text-align-center\"><strong>Looking for a Gift Certificate?<\/strong><\/h2>\n\n\n<\/div>\n<\/div><\/section>\n\n<h2 class=\"wp-block-heading\"><strong>Frequently Asked Questions<\/strong><\/h2>\n\n<h4 class=\"wp-block-heading\">Do I need experience?<\/h4>\n\n<p>No experience is required to take this course. Just a lot of enthusiasm and patience. <\/p>\n\n<h4 class=\"wp-block-heading\">Do I need to bring anything?<\/h4>\n\n<p>You don&#8217;t need to bring anything. Everything you need is included. <\/p>\n\n<h4 class=\"wp-block-heading\">Is food included?<\/h4>\n\n<p>It includes a snack for the break we take halfway through the course.<\/p>\n\n<h4 class=\"wp-block-heading\">What language is the course in?<\/h4>\n\n<p>I am bilingual Spanish\/English. I understand Catalan but I don\u2019t speak it very well. I adapt to the needs of each group. <\/p>\n\n<h4 class=\"wp-block-heading\">Can minors sign up for the class?<\/h4>\n\n<p>Only if they have experience with tools and always accompanied by an adult. Minimum age: 15 years. Before booking, please contact me to discuss it.  <\/p>\n\n<div class=\"wp-block-uagb-separator uagb-block-c1097874\"><div class=\"uagb-separator-spacing-wrapper\"><div class=\"wp-block-uagb-separator__inner\" style=\"--my-background-image:\"><\/div><\/div><\/div>\n\n<h2 class=\"wp-block-heading has-text-align-center\">What do the students say?<\/h2>\n\n<div class=\"wp-block-columns has-medium-font-size is-layout-flex wp-container-core-columns-is-layout-d40b901d wp-block-columns-is-layout-flex\" style=\"margin-top:var(--wp--preset--spacing--20);margin-bottom:var(--wp--preset--spacing--20);padding-top:var(--wp--preset--spacing--20);padding-right:var(--wp--preset--spacing--30);padding-bottom:var(--wp--preset--spacing--20);padding-left:var(--wp--preset--spacing--30)\">\n<div class=\"wp-block-column is-layout-constrained wp-block-column-is-layout-constrained\">\n<div data-aos= \"fade-right\" data-aos-duration=\"400\" data-aos-delay=\"0\" data-aos-easing=\"ease\" data-aos-once=\"true\" class=\"wp-block-uagb-star-rating uagb-block-da2ecb32\"><div class=\"uag-star-rating\" title=\"5\/5\"><span class=\"uag-star\">\u2605<\/span><span class=\"uag-star\">\u2605<\/span><span class=\"uag-star\">\u2605<\/span><span class=\"uag-star\">\u2605<\/span><span class=\"uag-star\">\u2605<\/span><\/div><\/div>\n\n\n\n<p>El curso de iniciaci\u00f3n de talla de cucharas de Andrea fue una experiencia maravillosa. Nunca hab\u00eda trabajado en madera y me daban un poco de impresi\u00f3n los cuchillos muy afilados. Andrea explica todo con calma y claridad. Hubo suficiente tiempo para escuchar, practicar, pedir ayuda, dejarse llevar por la el ritmo de la talla de madera. \u00a1Al final del taller me pareci\u00f3 incre\u00edble que hab\u00eda hecho una cuchara! Me gust\u00f3 tambi\u00e9n el espacio donde se ha organizado el taller, y que el grupo fuera reducido y muy interdisciplinario. <\/p>\n\n\n\n<p>~ Ina G.<\/p>\n<\/div>\n\n\n\n<div class=\"wp-block-column is-layout-flow wp-block-column-is-layout-flow\">\n<div data-aos= \"fade-right\" data-aos-duration=\"400\" data-aos-delay=\"0\" data-aos-easing=\"ease\" data-aos-once=\"true\" class=\"wp-block-uagb-star-rating uagb-block-628d9b83\"><div class=\"uag-star-rating\" title=\"5\/5\"><span class=\"uag-star\">\u2605<\/span><span class=\"uag-star\">\u2605<\/span><span class=\"uag-star\">\u2605<\/span><span class=\"uag-star\">\u2605<\/span><span class=\"uag-star\">\u2605<\/span><\/div><\/div>\n\n\n\n<p>I had a brilliant time doing the spoon carving class. It was really interesting to hear Andrea talk about the different types of wood, the techniques and creativity, and also the meditative benefits of wood carving &#8211; very addictive! Would definitely return.<\/p>\n\n\n\n<p>~ Steve<\/p>\n<\/div>\n\n\n\n<div class=\"wp-block-column is-layout-flow wp-block-column-is-layout-flow\">\n<div data-aos= \"fade-right\" data-aos-duration=\"400\" data-aos-delay=\"0\" data-aos-easing=\"ease\" data-aos-once=\"true\" class=\"wp-block-uagb-star-rating uagb-block-ff2fedbe\"><div class=\"uag-star-rating\" title=\"5\/5\"><span class=\"uag-star\">\u2605<\/span><span class=\"uag-star\">\u2605<\/span><span class=\"uag-star\">\u2605<\/span><span class=\"uag-star\">\u2605<\/span><span class=\"uag-star\">\u2605<\/span><\/div><\/div>\n\n\n\n<p>Ha sido un curso que para mi ha superado con creces mis expectativas. Andrea es muy buena maestra, muy profesional y amena. El curso es apasionante y casi terap\u00e9utico, se entrena la paciencia y la disciplina sin la cual quiz\u00e1s hubi\u00e9ramos salido con menos dedos de los que entramos \ud83d\ude01. Las 4 horas de informaci\u00f3n y trabajo se consumieron sin darnos cuenta. Curso altamente recomendable.<\/p>\n\n\n\n<p>~ Patricia<\/p>\n<\/div>\n<\/div>\n","protected":false},"excerpt":{"rendered":"<p>There are many ways to make a wooden spoon, this class focuses on Sl\u00f6jd carving techniques and uses only hand tools. You will learn the basic techniques of carving with the Sl\u00f6jd knife and the Hook Knife to shape the wood. The spoon is just an excuse to delve into the understanding of wood and [&hellip;]<\/p>\n","protected":false},"author":1,"featured_media":825,"parent":0,"menu_order":0,"comment_status":"closed","ping_status":"closed","template":"","meta":{"_uag_custom_page_level_css":"","site-sidebar-layout":"default","site-content-layout":"","ast-site-content-layout":"default","site-content-style":"default","site-sidebar-style":"default","ast-global-header-display":"","ast-banner-title-visibility":"","ast-main-header-display":"","ast-hfb-above-header-display":"","ast-hfb-below-header-display":"","ast-hfb-mobile-header-display":"","site-post-title":"","ast-breadcrumbs-content":"","ast-featured-img":"disabled","footer-sml-layout":"","ast-disable-related-posts":"","theme-transparent-header-meta":"","adv-header-id-meta":"","stick-header-meta":"","header-above-stick-meta":"","header-main-stick-meta":"","header-below-stick-meta":"","astra-migrate-meta-layouts":"set","ast-page-background-enabled":"default","ast-page-background-meta":{"desktop":{"background-color":"","background-image":"","background-repeat":"repeat","background-position":"center center","background-size":"auto","background-attachment":"scroll","background-type":"","background-media":"","overlay-type":"","overlay-color":"","overlay-opacity":"","overlay-gradient":""},"tablet":{"background-color":"","background-image":"","background-repeat":"repeat","background-position":"center center","background-size":"auto","background-attachment":"scroll","background-type":"","background-media":"","overlay-type":"","overlay-color":"","overlay-opacity":"","overlay-gradient":""},"mobile":{"background-color":"","background-image":"","background-repeat":"repeat","background-position":"center center","background-size":"auto","background-attachment":"scroll","background-type":"","background-media":"","overlay-type":"","overlay-color":"","overlay-opacity":"","overlay-gradient":""}},"ast-content-background-meta":{"desktop":{"background-color":"var(--ast-global-color-5)","background-image":"","background-repeat":"repeat","background-position":"center center","background-size":"auto","background-attachment":"scroll","background-type":"","background-media":"","overlay-type":"","overlay-color":"","overlay-opacity":"","overlay-gradient":""},"tablet":{"background-color":"var(--ast-global-color-5)","background-image":"","background-repeat":"repeat","background-position":"center center","background-size":"auto","background-attachment":"scroll","background-type":"","background-media":"","overlay-type":"","overlay-color":"","overlay-opacity":"","overlay-gradient":""},"mobile":{"background-color":"var(--ast-global-color-5)","background-image":"","background-repeat":"repeat","background-position":"center center","background-size":"auto","background-attachment":"scroll","background-type":"","background-media":"","overlay-type":"","overlay-color":"","overlay-opacity":"","overlay-gradient":""}},"footnotes":""},"class_list":["post-816","page","type-page","status-publish","has-post-thumbnail","hentry"],"uagb_featured_image_src":{"full":["https:\/\/andreacortes.com\/wp-content\/uploads\/2023\/09\/curso-de-talla-de-cucharas-de-madera-en-barcelona-1.jpg",1300,527,false],"thumbnail":["https:\/\/andreacortes.com\/wp-content\/uploads\/2023\/09\/curso-de-talla-de-cucharas-de-madera-en-barcelona-1-150x150.jpg",150,150,true],"medium":["https:\/\/andreacortes.com\/wp-content\/uploads\/2023\/09\/curso-de-talla-de-cucharas-de-madera-en-barcelona-1-300x122.jpg",300,122,true],"medium_large":["https:\/\/andreacortes.com\/wp-content\/uploads\/2023\/09\/curso-de-talla-de-cucharas-de-madera-en-barcelona-1-768x311.jpg",768,311,true],"large":["https:\/\/andreacortes.com\/wp-content\/uploads\/2023\/09\/curso-de-talla-de-cucharas-de-madera-en-barcelona-1-1024x415.jpg",1024,415,true],"1536x1536":["https:\/\/andreacortes.com\/wp-content\/uploads\/2023\/09\/curso-de-talla-de-cucharas-de-madera-en-barcelona-1.jpg",1300,527,false],"2048x2048":["https:\/\/andreacortes.com\/wp-content\/uploads\/2023\/09\/curso-de-talla-de-cucharas-de-madera-en-barcelona-1.jpg",1300,527,false],"woocommerce_thumbnail":["https:\/\/andreacortes.com\/wp-content\/uploads\/2023\/09\/curso-de-talla-de-cucharas-de-madera-en-barcelona-1-300x122.jpg",300,122,true],"woocommerce_single":["https:\/\/andreacortes.com\/wp-content\/uploads\/2023\/09\/curso-de-talla-de-cucharas-de-madera-en-barcelona-1-600x243.jpg",600,243,true],"woocommerce_gallery_thumbnail":["https:\/\/andreacortes.com\/wp-content\/uploads\/2023\/09\/curso-de-talla-de-cucharas-de-madera-en-barcelona-1-100x100.jpg",100,100,true]},"uagb_author_info":{"display_name":"andrea.cortes85","author_link":"https:\/\/andreacortes.com\/en\/author\/andrea-cortes85\/"},"uagb_comment_info":0,"uagb_excerpt":"There are many ways to make a wooden spoon, this class focuses on Sl\u00f6jd carving techniques and uses only hand tools. You will learn the basic techniques of carving with the Sl\u00f6jd knife and the Hook Knife to shape the wood. The spoon is just an excuse to delve into the understanding of wood and&hellip;","_links":{"self":[{"href":"https:\/\/andreacortes.com\/en\/wp-json\/wp\/v2\/pages\/816","targetHints":{"allow":["GET"]}}],"collection":[{"href":"https:\/\/andreacortes.com\/en\/wp-json\/wp\/v2\/pages"}],"about":[{"href":"https:\/\/andreacortes.com\/en\/wp-json\/wp\/v2\/types\/page"}],"author":[{"embeddable":true,"href":"https:\/\/andreacortes.com\/en\/wp-json\/wp\/v2\/users\/1"}],"replies":[{"embeddable":true,"href":"https:\/\/andreacortes.com\/en\/wp-json\/wp\/v2\/comments?post=816"}],"version-history":[{"count":31,"href":"https:\/\/andreacortes.com\/en\/wp-json\/wp\/v2\/pages\/816\/revisions"}],"predecessor-version":[{"id":2075,"href":"https:\/\/andreacortes.com\/en\/wp-json\/wp\/v2\/pages\/816\/revisions\/2075"}],"wp:featuredmedia":[{"embeddable":true,"href":"https:\/\/andreacortes.com\/en\/wp-json\/wp\/v2\/media\/825"}],"wp:attachment":[{"href":"https:\/\/andreacortes.com\/en\/wp-json\/wp\/v2\/media?parent=816"}],"curies":[{"name":"wp","href":"https:\/\/api.w.org\/{rel}","templated":true}]}}